{"id":2280,"date":"2023-07-02T09:54:45","date_gmt":"2023-07-02T06:54:45","guid":{"rendered":"http:\/\/tritonotomasyon.com\/?page_id=2280"},"modified":"2023-09-29T14:08:41","modified_gmt":"2023-09-29T11:08:41","slug":"hakkimizda","status":"publish","type":"page","link":"https:\/\/tritonotomasyon.com\/index.php\/hakkimizda\/","title":{"rendered":"Hakk\u0131m\u0131zda"},"content":{"rendered":"\t\t<div data-elementor-type=\"wp-page\" data-elementor-id=\"2280\" class=\"elementor elementor-2280\">\n\t\t\t\t\t\t\t\t\t<section class=\"elementor-section elementor-top-section elementor-element elementor-element-47fb055e elementor-section-full_width elementor-section-stretched elementor-section-height-default elementor-section-height-default\" data-id=\"47fb055e\" data-element_type=\"section\" data-settings=\"{&quot;stretch_section&quot;:&quot;section-stretched&quot;}\">\n\t\t\t\t\t\t\t<div class=\"elementor-background-overlay\"><\/div>\n\t\t\t\t\t\t\t<div class=\"elementor-container elementor-column-gap-no\">\n\t\t\t\t\t<div class=\"elementor-column elementor-col-100 elementor-top-column elementor-element elementor-element-390de60c\" data-id=\"390de60c\" data-element_type=\"column\">\n\t\t\t<div class=\"elementor-widget-wrap elementor-element-populated\">\n\t\t\t\t\t\t\t\t<section class=\"elementor-section elementor-inner-section elementor-element elementor-element-7871084 about-page elementor-section-boxed elementor-section-height-default elementor-section-height-default\" data-id=\"7871084\" data-element_type=\"section\">\n\t\t\t\t\t\t<div class=\"elementor-container elementor-column-gap-no\">\n\t\t\t\t\t<div class=\"elementor-column elementor-col-50 elementor-inner-column elementor-element elementor-element-3169a1b3\" data-id=\"3169a1b3\" data-element_type=\"column\">\n\t\t\t<div class=\"elementor-widget-wrap elementor-element-populated\">\n\t\t\t\t\t\t\t\t<div class=\"elementor-element elementor-element-7de90d7c elementor-widget elementor-widget-about_image\" data-id=\"7de90d7c\" data-element_type=\"widget\" data-widget_type=\"about_image.default\">\n\t\t\t\t<div class=\"elementor-widget-container\">\n\t\t\t\t    <div class=\"about-style-one\">\r\n            <div class=\"thumb\">\r\n                <img decoding=\"async\" src=\"http:\/\/tritonotomasyon.com\/wp-content\/uploads\/2022\/06\/5-1.jpg\" alt=\"Triton Otomasyon\">\r\n                                <div class=\"thumb-shape\">\r\n                    <div class=\"shape\"><\/div>\r\n                    <div class=\"shape\"><\/div>\r\n                    <div class=\"shape\"><\/div>\r\n                    <div class=\"shape\"><\/div>\r\n                    <div class=\"shape\"><\/div>\r\n                <\/div>\r\n            <\/div>\r\n        <\/div>\r\n    \t\t<\/div>\n\t\t\t\t<\/div>\n\t\t\t\t\t<\/div>\n\t\t<\/div>\n\t\t\t\t<div class=\"elementor-column elementor-col-50 elementor-inner-column elementor-element elementor-element-145f38e1\" data-id=\"145f38e1\" data-element_type=\"column\">\n\t\t\t<div class=\"elementor-widget-wrap elementor-element-populated\">\n\t\t\t\t\t\t\t\t<div class=\"elementor-element elementor-element-34e1371 elementor-widget elementor-widget-about_content\" data-id=\"34e1371\" data-element_type=\"widget\" data-widget_type=\"about_content.default\">\n\t\t\t\t<div class=\"elementor-widget-container\">\n\t\t\t\t    <div class=\"about-style-one\">\r\n\t        <!-- Shape -->\r\n\t        <div class=\"blur-bg\"><\/div>\r\n\t        <!-- End Shape -->\r\n\t        <div class=\"info\">\r\n\t            <h4 class=\"sub-heading mb-20\">Tr\u0131ton Otomasyon<\/h4>\r\n\t            <h2 class=\"heading\">Biz Kimiz? <\/h2>\r\n\t            <p class=\"mb-0\">Firmam\u0131z, End\u00fcstriyel Otomasyon ve Yaz\u0131l\u0131m sekt\u00f6r\u00fcnde kaliteli, fonksiyonel ve kullan\u0131\u015fl\u0131 sistemler kurarak \u00e7al\u0131\u015fma ortaklar\u0131na \u00e7\u00f6z\u00fcmler sunmaktad\u0131r. Konusunda uzman deneyimli, gen\u00e7 ve dinamik ekibimiz ile sekt\u00f6rel teknolojik, inovatif geli\u015fmeleri takip ediyor ve sistem, \u00e7\u00f6z\u00fcm ve yaz\u0131l\u0131mlar\u0131m\u0131zla  \u00e7al\u0131\u015fma ortaklar\u0131m\u0131za g\u00fcvenli bir sunu\u015f\/teslim ger\u00e7ekle\u015ftiriyoruz. \u00c7evreye ve do\u011faya sayg\u0131l\u0131, enerji verimli\u011fi y\u00fcksek, efektif, teknolojik sistemlerin projelendirilmesi ve anahtar teslim dijital fabrikalar kurulumlar\u0131 ger\u00e7ekle\u015ftiriyoruz. Ayn\u0131 zamanda makina imalat\u00e7\u0131 ve kullan\u0131c\u0131lar\u0131na projelendirme, modernize etme, pano, makina tesisat, otomasyon, yaz\u0131l\u0131m ve devreye alma hizmetlerinin t\u00fcm\u00fcn\u00fc ekibimiz ile sa\u011fl\u0131yoruz.<\/p>\r\n\t            <ul class=\"short-feature-list\">\r\n\t            \t\t                <li>\r\n\t                    <h4><a href=\"\">Misyonumuz<\/a><\/h4>\r\n\t                    <p>\r\n\t                        Ekip arkada\u015flar\u0131m\u0131z, partnerlerimiz ve i\u015f ortaklar\u0131m\u0131zla a\u00e7\u0131k g\u00f6r\u00fc\u015f ve tak\u0131m ruhu i\u00e7erisinde \u00e7al\u0131\u015farak proje ve hizmetlerimizi ulusal teknolojilere katk\u0131 sa\u011flayacak verimlilikte ger\u00e7ekle\u015ftirerek, sekt\u00f6rel ve global teknolojikler ile  inovatif yakla\u015f\u0131mlarla ba\u015far\u0131l\u0131 projelere imza atma gayreti i\u00e7erisindeyiz.\n\t                    <\/p>\r\n\t                <\/li>\r\n\t            \t                <li>\r\n\t                    <h4><a href=\"\">Vizyonumuz<\/a><\/h4>\r\n\t                    <p>\r\n\t                        \u00dcretim s\u00fcre\u00e7lerini y\u00f6neten, \u00e7evre ve do\u011faya sayg\u0131l\u0131, s\u00fcrd\u00fcr\u00fclebilir teknolojiler geli\u015ftiren ve bu teknolojileri D\u00fcnya standartlar\u0131nda uygulayan. Yurt i\u00e7i ve d\u0131\u015f\u0131nda sekt\u00f6r\u00fcnde lider bir firma konumunda ilerleyi\u015fimizi devam ettirmek istegindeyiz.\t                    <\/p>\r\n\t                <\/li>\r\n\t            \t            <\/ul>\r\n\t        <\/div>\r\n\t        <div class=\"experience\">\r\n\t        \t\t            <div class=\"left\">\r\n\t                <h2>10<\/h2>\r\n\t                <h4>Y\u0131ll\u0131k <br>Profesyonel Deneyim<\/h4>\r\n\t            <\/div>\r\n\t        <\/div>\r\n\t    <\/div>\r\n    \t\t<\/div>\n\t\t\t\t<\/div>\n\t\t\t\t\t<\/div>\n\t\t<\/div>\n\t\t\t\t\t\t\t<\/div>\n\t\t<\/section>\n\t\t\t\t\t<\/div>\n\t\t<\/div>\n\t\t\t\t\t\t\t<\/div>\n\t\t<\/section>\n\t\t\t\t\t\t\t<\/div>\n\t\t","protected":false},"excerpt":{"rendered":"<p>Tr\u0131ton Otomasyon Biz Kimiz? Firmam\u0131z, End\u00fcstriyel Otomasyon ve Yaz\u0131l\u0131m sekt\u00f6r\u00fcnde kaliteli, fonksiyonel ve kullan\u0131\u015fl\u0131 sistemler kurarak \u00e7al\u0131\u015fma ortaklar\u0131na \u00e7\u00f6z\u00fcmler sunmaktad\u0131r. Konusunda uzman deneyimli, gen\u00e7 ve dinamik ekibimiz ile sekt\u00f6rel teknolojik, inovatif geli\u015fmeleri takip ediyor ve sistem, \u00e7\u00f6z\u00fcm ve yaz\u0131l\u0131mlar\u0131m\u0131zla \u00e7al\u0131\u015fma ortaklar\u0131m\u0131za g\u00fcvenli bir sunu\u015f\/teslim ger\u00e7ekle\u015ftiriyoruz. \u00c7evreye ve do\u011faya sayg\u0131l\u0131, enerji verimli\u011fi y\u00fcksek, efektif, teknolojik sistemlerin [&hellip;]<\/p>\n","protected":false},"author":1,"featured_media":0,"parent":0,"menu_order":0,"comment_status":"closed","ping_status":"closed","template":"","meta":{"footnotes":""},"class_list":["post-2280","page","type-page","status-publish","hentry"],"_links":{"self":[{"href":"https:\/\/tritonotomasyon.com\/index.php\/wp-json\/wp\/v2\/pages\/2280","targetHints":{"allow":["GET"]}}],"collection":[{"href":"https:\/\/tritonotomasyon.com\/index.php\/wp-json\/wp\/v2\/pages"}],"about":[{"href":"https:\/\/tritonotomasyon.com\/index.php\/wp-json\/wp\/v2\/types\/page"}],"author":[{"embeddable":true,"href":"https:\/\/tritonotomasyon.com\/index.php\/wp-json\/wp\/v2\/users\/1"}],"replies":[{"embeddable":true,"href":"https:\/\/tritonotomasyon.com\/index.php\/wp-json\/wp\/v2\/comments?post=2280"}],"version-history":[{"count":30,"href":"https:\/\/tritonotomasyon.com\/index.php\/wp-json\/wp\/v2\/pages\/2280\/revisions"}],"predecessor-version":[{"id":3124,"href":"https:\/\/tritonotomasyon.com\/index.php\/wp-json\/wp\/v2\/pages\/2280\/revisions\/3124"}],"wp:attachment":[{"href":"https:\/\/tritonotomasyon.com\/index.php\/wp-json\/wp\/v2\/media?parent=2280"}],"curies":[{"name":"wp","href":"https:\/\/api.w.org\/{rel}","templated":true}]}}