{"id":2368,"date":"2023-07-02T11:14:29","date_gmt":"2023-07-02T08:14:29","guid":{"rendered":"http:\/\/tritonotomasyon.com\/?page_id=2368"},"modified":"2023-09-02T13:53:16","modified_gmt":"2023-09-02T10:53:16","slug":"kariyer","status":"publish","type":"page","link":"https:\/\/tritonotomasyon.com\/index.php\/kariyer\/","title":{"rendered":"Kariyer"},"content":{"rendered":"\t\t<div data-elementor-type=\"wp-page\" data-elementor-id=\"2368\" class=\"elementor elementor-2368\">\n\t\t\t\t\t\t\t\t\t<section class=\"elementor-section elementor-top-section elementor-element elementor-element-7d7a9136 elementor-section-full_width elementor-section-stretched elementor-section-height-default elementor-section-height-default\" data-id=\"7d7a9136\" data-element_type=\"section\" data-settings=\"{&quot;stretch_section&quot;:&quot;section-stretched&quot;}\">\n\t\t\t\t\t\t<div class=\"elementor-container elementor-column-gap-no\">\n\t\t\t\t\t<div class=\"elementor-column elementor-col-100 elementor-top-column elementor-element elementor-element-132e3f64\" data-id=\"132e3f64\" data-element_type=\"column\">\n\t\t\t<div class=\"elementor-widget-wrap elementor-element-populated\">\n\t\t\t\t\t\t\t\t<div class=\"elementor-element elementor-element-42aa1db8 elementor-widget elementor-widget-crysa_slider\" data-id=\"42aa1db8\" data-element_type=\"widget\" data-widget_type=\"crysa_slider.default\">\n\t\t\t\t<div class=\"elementor-widget-container\">\n\t\t\t    <!-- Start Banner Style Four  -->\r\n    <div class=\"banner-style-four-area bg-cover text-light\" style=\"background-image: url(http:\/\/tritonotomasyon.com\/wp-content\/uploads\/2022\/07\/1.jpg);\">\r\n        <div class=\"container\">\r\n            <div class=\"banner-items\">\r\n                <div class=\"row align-center\">\r\n                    <div class=\"col-lg-6 banner-style-four\">\r\n                        <div class=\"info\">\r\n                            <h4 class=\"sub-title\">TRITON OTOMASYON<\/h4>\r\n                            <h2 class=\"title\">End\u00fcstriyel Otomasyon ve Yaz\u0131l\u0131m Sistemleri\n<strong>Bize Kat\u0131l\u0131n<\/strong><\/h2>\r\n                            <p>\r\n                               Tak\u0131m ruhu i\u00e7erisinde \u00e7al\u0131\u015farak proje ve hizmetlerimize y\u00f6nelik geli\u015ftirmelerde bulunmak istiyorsan, do\u011fru yerdesin!                            <\/p>\r\n                            <div class=\"button\">\r\n                                <a class=\"btn btn-gradient btn-md radius animation\" href=\"\">Cv&#039;ni B\u0131rakmay\u0131 unutma<\/a>\r\n                            <\/div>\r\n                        <\/div>\r\n                    <\/div>\r\n                    <div class=\"col-lg-6 banner-style-four\">\r\n                        <div class=\"thumb\">\r\n                            <img decoding=\"async\" src=\"http:\/\/tritonotomasyon.com\/wp-content\/uploads\/2022\/07\/6.jpg\" alt=\"Triton Otomasyon\">\r\n                        <\/div>\r\n                    <\/div>\r\n                <\/div>\r\n            <\/div>\r\n        <\/div>\r\n    <\/div>\r\n    <!-- End Banner Style Four -->\r\n    \t\t<\/div>\n\t\t\t\t<\/div>\n\t\t\t\t\t<\/div>\n\t\t<\/div>\n\t\t\t\t\t\t\t<\/div>\n\t\t<\/section>\n\t\t\t\t<section class=\"elementor-section elementor-top-section elementor-element elementor-element-10213b52 elementor-section-full_width elementor-section-stretched elementor-section-height-default elementor-section-height-default\" data-id=\"10213b52\" data-element_type=\"section\" data-settings=\"{&quot;stretch_section&quot;:&quot;section-stretched&quot;}\">\n\t\t\t\t\t\t<div class=\"elementor-container elementor-column-gap-no\">\n\t\t\t\t\t<div class=\"elementor-column elementor-col-100 elementor-top-column elementor-element elementor-element-6beb82ce\" data-id=\"6beb82ce\" data-element_type=\"column\">\n\t\t\t<div class=\"elementor-widget-wrap elementor-element-populated\">\n\t\t\t\t\t\t\t\t<div class=\"elementor-element elementor-element-1a304df3 elementor-widget elementor-widget-crysa_contact\" data-id=\"1a304df3\" data-element_type=\"widget\" data-widget_type=\"crysa_contact.default\">\n\t\t\t\t<div class=\"elementor-widget-container\">\n\t\t\t    <!-- Start Contact Form \r\n    ============================================= -->\r\n    <div id=\"contact\" class=\"contact-form-area contact-style-two-area overflow-hidden default-padding\" style=\"background-image: url(https:\/\/validthemes.tech\/themeforest\/wp\/crysa\/wp-content\/uploads\/2022\/08\/18.png);\">\r\n        <div class=\"container\">\r\n            <!-- Contact Form -->\r\n            <div class=\"row\">\r\n                \r\n                <div class=\"col-lg-7\">\r\n                    <div class=\"form\">\r\n                        \n<div class=\"wpcf7 no-js\" id=\"wpcf7-f2964-o1\" lang=\"en-US\" dir=\"ltr\">\n<div class=\"screen-reader-response\"><p role=\"status\" aria-live=\"polite\" aria-atomic=\"true\"><\/p> <ul><\/ul><\/div>\n<form action=\"\/index.php\/wp-json\/wp\/v2\/pages\/2368#wpcf7-f2964-o1\" method=\"post\" class=\"wpcf7-form init\" aria-label=\"Contact form\" enctype=\"multipart\/form-data\" novalidate=\"novalidate\" data-status=\"init\">\n<div style=\"display: none;\">\n<input type=\"hidden\" name=\"_wpcf7\" value=\"2964\" \/>\n<input type=\"hidden\" name=\"_wpcf7_version\" value=\"5.8.1\" \/>\n<input type=\"hidden\" name=\"_wpcf7_locale\" value=\"en_US\" \/>\n<input type=\"hidden\" name=\"_wpcf7_unit_tag\" value=\"wpcf7-f2964-o1\" \/>\n<input type=\"hidden\" name=\"_wpcf7_container_post\" value=\"0\" \/>\n<input type=\"hidden\" name=\"_wpcf7_posted_data_hash\" value=\"\" \/>\n<input type=\"hidden\" name=\"_wpcf7_recaptcha_response\" value=\"\" \/>\n<\/div>\n<div class=\"col-lg-12\">\n\t<div class=\"form-group\">\n\t\t<p><span class=\"wpcf7-form-control-wrap\" data-name=\"ad-soyad\"><input size=\"40\" class=\"wpcf7-form-control wpcf7-text form-control\" id=\"name\" aria-invalid=\"false\" placeholder=\"Ad Soyad*\" value=\"\" type=\"text\" name=\"ad-soyad\" \/><\/span>\n\t\t<\/p>\n\t<\/div>\n<\/div>\n<div class=\"row\">\n\t<div class=\"col-lg-6\">\n\t\t<div class=\"form-group\">\n\t\t\t<p><span class=\"wpcf7-form-control-wrap\" data-name=\"eposta-adresi\"><input size=\"40\" class=\"wpcf7-form-control wpcf7-email wpcf7-validates-as-required wpcf7-text wpcf7-validates-as-email form-control\" id=\"email\" aria-required=\"true\" aria-invalid=\"false\" placeholder=\"E-Posta Adresi*\" value=\"\" type=\"email\" name=\"eposta-adresi\" \/><\/span>\n\t\t\t<\/p>\n\t\t<\/div>\n\t<\/div>\n\t<div class=\"col-lg-6\">\n\t\t<div class=\"form-group\">\n\t\t\t<p><span class=\"wpcf7-form-control-wrap\" data-name=\"telefon-numarasi\"><input size=\"40\" class=\"wpcf7-form-control wpcf7-tel wpcf7-validates-as-required wpcf7-text wpcf7-validates-as-tel form-control\" id=\"phone\" aria-required=\"true\" aria-invalid=\"false\" placeholder=\"Telefon Numaras\u0131*\" value=\"\" type=\"tel\" name=\"telefon-numarasi\" \/><\/span>\n\t\t\t<\/p>\n\t\t<\/div>\n\t<\/div>\n<\/div>\n<div class=\"row\">\n\t<div class=\"col-lg-12\">\n\t\t<div class=\"form-group comments\">\n\t\t\t<p><span class=\"wpcf7-form-control-wrap\" data-name=\"dosyaniz\"><input size=\"40\" class=\"wpcf7-form-control wpcf7-file wpcf7-validates-as-required form-control\" accept=\".pdf\" aria-required=\"true\" aria-invalid=\"false\" type=\"file\" name=\"dosyaniz\" \/><\/span>\n\t\t\t<\/p>\n\t\t<\/div>\n\t<\/div>\n<\/div>\n<div class=\"row\">\n\t<div class=\"col-lg-12\">\n\t\t<div class=\"form-group comments\">\n\t\t\t<p><span class=\"wpcf7-form-control-wrap\" data-name=\"mesajiniz\"><textarea cols=\"40\" rows=\"10\" class=\"wpcf7-form-control wpcf7-textarea form-control\" id=\"comments\" aria-invalid=\"false\" placeholder=\"Bize Kendinden Bahset\" name=\"mesajiniz\"><\/textarea><\/span>\n\t\t\t<\/p>\n\t\t<\/div>\n\t<\/div>\n<\/div>\n<div class=\"row\">\n\t<div class=\"col-lg-12\">\n\t\t<p><button type=\"submit\" name=\"submit\" id=\"submit\"><i class=\"fa fa-paper-plane\"><\/i> G\u00f6nder <\/button>\n\t\t<\/p>\n\t<\/div>\n<\/div><div class=\"wpcf7-response-output\" aria-hidden=\"true\"><\/div>\n<\/form>\n<\/div>\n                    <\/div>\r\n                <\/div>\r\n\r\n                <div class=\"col-lg-5\">\r\n                    <div class=\"thumb\">\r\n                        <div class=\"contact-info\">\r\n                            <h2 class=\"heading\">Kariyer<br>\n<\/h2>\r\n                            \t                            <!-- Single Item -->\r\n\t                            <div class=\"item\">\r\n\t                                <div class=\"icon\">\r\n\t                                    \t\t\t                            \t\t\t                            \t\t                                    <i class=\"fas fa-map-marker-alt\"><\/i>\r\n\t\t                                \t                                <\/div>\r\n\t                                <div class=\"info\">\r\n\t                                    <h5>Lokasyon<\/h5>\r\n\t                                    <p>\r\n\t                                        Esenyal\u0131 Mah. Uygar Sk. <br>No:9 B Pendik \u0130stanbul\t                                    <\/p>\r\n\t                                <\/div>\r\n\t                            <\/div>\r\n\t                            <!-- End Single Item -->\r\n                                                    <\/div>\r\n                    <\/div>\r\n                <\/div>\r\n                \r\n            <\/div>\r\n            <!-- End Contact Form -->\r\n        <\/div>\r\n    <\/div>\r\n    <!-- End Contact Form -->\r\n\t\t\t<\/div>\n\t\t\t\t<\/div>\n\t\t\t\t\t<\/div>\n\t\t<\/div>\n\t\t\t\t\t\t\t<\/div>\n\t\t<\/section>\n\t\t\t\t\t\t\t<\/div>\n\t\t","protected":false},"excerpt":{"rendered":"<p>TRITON OTOMASYON End\u00fcstriyel Otomasyon ve Yaz\u0131l\u0131m Sistemleri Bize Kat\u0131l\u0131n Tak\u0131m ruhu i\u00e7erisinde \u00e7al\u0131\u015farak proje ve hizmetlerimize y\u00f6nelik geli\u015ftirmelerde bulunmak istiyorsan, do\u011fru yerdesin! Cv&#039;ni B\u0131rakmay\u0131 unutma G\u00f6nder Kariyer Lokasyon Esenyal\u0131 Mah. Uygar Sk. No:9 B Pendik \u0130stanbul<\/p>\n","protected":false},"author":1,"featured_media":0,"parent":0,"menu_order":0,"comment_status":"closed","ping_status":"closed","template":"page-template\/crystal-template.php","meta":{"footnotes":""},"class_list":["post-2368","page","type-page","status-publish","hentry"],"_links":{"self":[{"href":"https:\/\/tritonotomasyon.com\/index.php\/wp-json\/wp\/v2\/pages\/2368","targetHints":{"allow":["GET"]}}],"collection":[{"href":"https:\/\/tritonotomasyon.com\/index.php\/wp-json\/wp\/v2\/pages"}],"about":[{"href":"https:\/\/tritonotomasyon.com\/index.php\/wp-json\/wp\/v2\/types\/page"}],"author":[{"embeddable":true,"href":"https:\/\/tritonotomasyon.com\/index.php\/wp-json\/wp\/v2\/users\/1"}],"replies":[{"embeddable":true,"href":"https:\/\/tritonotomasyon.com\/index.php\/wp-json\/wp\/v2\/comments?post=2368"}],"version-history":[{"count":26,"href":"https:\/\/tritonotomasyon.com\/index.php\/wp-json\/wp\/v2\/pages\/2368\/revisions"}],"predecessor-version":[{"id":3080,"href":"https:\/\/tritonotomasyon.com\/index.php\/wp-json\/wp\/v2\/pages\/2368\/revisions\/3080"}],"wp:attachment":[{"href":"https:\/\/tritonotomasyon.com\/index.php\/wp-json\/wp\/v2\/media?parent=2368"}],"curies":[{"name":"wp","href":"https:\/\/api.w.org\/{rel}","templated":true}]}}