{"id":2636,"date":"2023-07-24T00:39:49","date_gmt":"2023-07-23T21:39:49","guid":{"rendered":"http:\/\/tritonotomasyon.com\/?page_id=2636"},"modified":"2023-09-18T21:07:05","modified_gmt":"2023-09-18T18:07:05","slug":"tesislerin-iot-modernizasyonu","status":"publish","type":"page","link":"https:\/\/tritonotomasyon.com\/index.php\/tesislerin-iot-modernizasyonu\/","title":{"rendered":"Tesislerin IOT Modernizasyonu"},"content":{"rendered":"\t\t<div data-elementor-type=\"wp-page\" data-elementor-id=\"2636\" class=\"elementor elementor-2636\">\n\t\t\t\t\t\t\t\t\t<section class=\"elementor-section elementor-top-section elementor-element elementor-element-376a615f elementor-section-full_width elementor-section-stretched hizmetslider elementor-section-height-default elementor-section-height-default\" data-id=\"376a615f\" data-element_type=\"section\" data-settings=\"{&quot;stretch_section&quot;:&quot;section-stretched&quot;}\">\n\t\t\t\t\t\t<div class=\"elementor-container elementor-column-gap-no\">\n\t\t\t\t\t<div class=\"elementor-column elementor-col-100 elementor-top-column elementor-element elementor-element-50e75767\" data-id=\"50e75767\" data-element_type=\"column\">\n\t\t\t<div class=\"elementor-widget-wrap elementor-element-populated\">\n\t\t\t\t\t\t\t\t<div class=\"elementor-element elementor-element-5e3e6d71 elementor-widget elementor-widget-crysa_slider\" data-id=\"5e3e6d71\" data-element_type=\"widget\" data-widget_type=\"crysa_slider.default\">\n\t\t\t\t<div class=\"elementor-widget-container\">\n\t\t\t    <!-- Start Banner Style Four  -->\r\n    <div class=\"banner-style-four-area bg-cover text-light\" style=\"background-image: url(http:\/\/tritonotomasyon.com\/wp-content\/uploads\/2022\/07\/1.jpg);\">\r\n        <div class=\"container\">\r\n            <div class=\"banner-items\">\r\n                <div class=\"row align-center\">\r\n                    <div class=\"col-lg-6 banner-style-four\">\r\n                        <div class=\"info\">\r\n                            <h4 class=\"sub-title\"><\/h4>\r\n                            <h2 class=\"title\"><strong>Tesislerin IOT Modernizasyonu<\/strong><\/h2>\r\n                            <p>\r\n                                                           <\/p>\r\n                            <div class=\"button\">\r\n                                <a class=\"btn btn-gradient btn-md radius animation\" href=\"\"><\/a>\r\n                            <\/div>\r\n                        <\/div>\r\n                    <\/div>\r\n                    <div class=\"col-lg-6 banner-style-four\">\r\n                        <div class=\"thumb\">\r\n                            <img decoding=\"async\" src=\"http:\/\/tritonotomasyon.com\/wp-content\/uploads\/2023\/07\/tesislerinIOTmodernizasyonuslider_26072301.png\" alt=\"Triton Otomasyon\">\r\n                        <\/div>\r\n                    <\/div>\r\n                <\/div>\r\n            <\/div>\r\n        <\/div>\r\n    <\/div>\r\n    <!-- End Banner Style Four -->\r\n    \t\t<\/div>\n\t\t\t\t<\/div>\n\t\t\t\t\t<\/div>\n\t\t<\/div>\n\t\t\t\t\t\t\t<\/div>\n\t\t<\/section>\n\t\t\t\t<section class=\"elementor-section elementor-top-section elementor-element elementor-element-4c7aa157 elementor-section-boxed elementor-section-height-default elementor-section-height-default\" data-id=\"4c7aa157\" data-element_type=\"section\">\n\t\t\t\t\t\t<div class=\"elementor-container elementor-column-gap-no\">\n\t\t\t\t\t<div class=\"elementor-column elementor-col-100 elementor-top-column elementor-element elementor-element-472b075a\" data-id=\"472b075a\" data-element_type=\"column\">\n\t\t\t<div class=\"elementor-widget-wrap elementor-element-populated\">\n\t\t\t\t\t\t\t\t<div class=\"elementor-element elementor-element-431b839a elementor-widget elementor-widget-text-editor\" data-id=\"431b839a\" data-element_type=\"widget\" data-widget_type=\"text-editor.default\">\n\t\t\t\t<div class=\"elementor-widget-container\">\n\t\t\t<style>\/*! elementor - v3.16.0 - 20-09-2023 *\/\n.elementor-widget-text-editor.elementor-drop-cap-view-stacked .elementor-drop-cap{background-color:#69727d;color:#fff}.elementor-widget-text-editor.elementor-drop-cap-view-framed .elementor-drop-cap{color:#69727d;border:3px solid;background-color:transparent}.elementor-widget-text-editor:not(.elementor-drop-cap-view-default) .elementor-drop-cap{margin-top:8px}.elementor-widget-text-editor:not(.elementor-drop-cap-view-default) .elementor-drop-cap-letter{width:1em;height:1em}.elementor-widget-text-editor .elementor-drop-cap{float:left;text-align:center;line-height:1;font-size:50px}.elementor-widget-text-editor .elementor-drop-cap-letter{display:inline-block}<\/style>\t\t\t\tEski fabrikalar\u0131n IoT\u2019ye (Internet of Things) modernizasyonu, geleneksel end\u00fcstriyel sistemleri daha ak\u0131ll\u0131 ve ba\u011flant\u0131l\u0131 hale getirerek verimlili\u011fi art\u0131rmak ve rekabet avantaj\u0131 elde etmek i\u00e7in yap\u0131lan bir d\u00f6n\u00fc\u015f\u00fcm s\u00fcrecidir. IoT, nesnelerin birbirleriyle ve internet \u00fczerinden ileti\u015fim kurabilme yetene\u011fi sayesinde fabrikalara bir dizi yenilik\u00e7i f\u0131rsat sunar.\n\nA\u015fa\u011f\u0131da, eski fabrikalar\u0131n IoT modernizasyonu i\u00e7in baz\u0131 temel ad\u0131mlar\u0131 bulabilirsiniz:\n<ul>\n \t<li>Varl\u0131k \u0130zleme ve Veri Toplama: \u0130lk ad\u0131m, fabrikadaki \u00f6nemli varl\u0131klar\u0131n (makine, ekipman, sens\u00f6rler vb.) izlenmesi ve bu varl\u0131klardan veri toplanmas\u0131d\u0131r. Sens\u00f6rler, ekipman\u0131n \u00e7al\u0131\u015fma durumunu, s\u0131cakl\u0131k, bas\u0131n\u00e7, titre\u015fim gibi de\u011fi\u015fkenleri \u00f6l\u00e7erek veri \u00fcretebilir. Bu veriler, IoT platformlar\u0131na veya buluta aktar\u0131labilir.<\/li>\n \t<li>Veri Analizi ve \u0130\u015flem: Toplanan veriler, analiz edilmeli ve i\u015flenmelidir. \u0130\u015flemek ve analiz etmek i\u00e7in yapay zeka ve veri analiti\u011fi teknikleri kullan\u0131labilir. Bu analizler, anormallikleri tespit etmek, bak\u0131m planlamas\u0131 yapmak, s\u00fcre\u00e7 iyile\u015ftirmeleri yapmak ve \u00fcretkenli\u011fi art\u0131rmak i\u00e7in de\u011ferli bilgiler sa\u011flar.<\/li>\n \t<li>Ger\u00e7ek Zamanl\u0131 \u0130zleme ve Kontrol: IoT, ger\u00e7ek zamanl\u0131 izleme ve kontrol imkan\u0131 sa\u011flar. Fabrikan\u0131n her noktas\u0131ndaki veriler, merkezi bir kontrol odas\u0131nda veya kullan\u0131c\u0131lar\u0131n mobil cihazlar\u0131nda izlenebilir. Bu, i\u015fletme sahiplerine s\u00fcrecin tam g\u00f6r\u00fcn\u00fcrl\u00fc\u011f\u00fcn\u00fc sa\u011flar ve h\u0131zl\u0131 karar verme imkan\u0131 sunar.<\/li>\n \t<li>Makineye-Makineye \u0130leti\u015fim: IoT, makinelerin birbirleriyle ileti\u015fim kurmas\u0131n\u0131 sa\u011flar. Bu, farkl\u0131 sistemler ve ekipmanlar aras\u0131nda veri payla\u015f\u0131m\u0131n\u0131 ve i\u015fbirli\u011fini kolayla\u015ft\u0131r\u0131r. \u00d6rne\u011fin, bir ar\u0131za durumunda makine otomatik olarak di\u011fer makinelere uyar\u0131 verebilir veya i\u015fbirli\u011fi yaparak \u00fcretim s\u00fcre\u00e7lerini optimize edebilir.<\/li>\n \t<li>Uzaktan \u0130zleme ve Bak\u0131m: IoT, uzaktan izleme ve bak\u0131m imkan\u0131 sa\u011flar. Sens\u00f6rler ve uzaktan izleme sistemleri sayesinde ekipmanlar\u0131n performans\u0131 ve sa\u011fl\u0131k durumu s\u00fcrekli olarak takip edilebilir. Bak\u0131m ihtiya\u00e7lar\u0131 tahmin edilebilir ve planlanabilir, bu da \u00f6nleyici bak\u0131m yakla\u015f\u0131m\u0131n\u0131 g\u00fc\u00e7lendirir ve beklenmedik ar\u0131zalar\u0131n \u00f6n\u00fcne ge\u00e7ebilir.<\/li>\n \t<li>Verimlilik ve Enerji Y\u00f6netimi: IoT, enerji t\u00fcketimi ve kaynak kullan\u0131m\u0131 gibi<\/li>\n<\/ul>\t\t\t\t\t\t<\/div>\n\t\t\t\t<\/div>\n\t\t\t\t\t<\/div>\n\t\t<\/div>\n\t\t\t\t\t\t\t<\/div>\n\t\t<\/section>\n\t\t\t\t<section class=\"elementor-section elementor-top-section elementor-element elementor-element-7693312d elementor-section-full_width elementor-section-stretched elementor-section-height-default elementor-section-height-default\" data-id=\"7693312d\" data-element_type=\"section\" data-settings=\"{&quot;stretch_section&quot;:&quot;section-stretched&quot;}\">\n\t\t\t\t\t\t<div class=\"elementor-container elementor-column-gap-no\">\n\t\t\t\t\t<div class=\"elementor-column elementor-col-100 elementor-top-column elementor-element elementor-element-55e612b4\" data-id=\"55e612b4\" data-element_type=\"column\">\n\t\t\t<div class=\"elementor-widget-wrap elementor-element-populated\">\n\t\t\t\t\t\t\t\t<div class=\"elementor-element elementor-element-596a0fbf elementor-widget elementor-widget-heading\" data-id=\"596a0fbf\" data-element_type=\"widget\" data-widget_type=\"heading.default\">\n\t\t\t\t<div class=\"elementor-widget-container\">\n\t\t\t<style>\/*! elementor - v3.16.0 - 20-09-2023 *\/\n.elementor-heading-title{padding:0;margin:0;line-height:1}.elementor-widget-heading .elementor-heading-title[class*=elementor-size-]>a{color:inherit;font-size:inherit;line-height:inherit}.elementor-widget-heading .elementor-heading-title.elementor-size-small{font-size:15px}.elementor-widget-heading .elementor-heading-title.elementor-size-medium{font-size:19px}.elementor-widget-heading .elementor-heading-title.elementor-size-large{font-size:29px}.elementor-widget-heading .elementor-heading-title.elementor-size-xl{font-size:39px}.elementor-widget-heading .elementor-heading-title.elementor-size-xxl{font-size:59px}<\/style><h2 class=\"elementor-heading-title elementor-size-default\">\u00dcr\u00fcn \u00c7\u00f6z\u00fcm\u00fcnde Tercih Etti\u011fimiz Markalar\n<\/h2>\t\t<\/div>\n\t\t\t\t<\/div>\n\t\t\t\t<div class=\"elementor-element elementor-element-1a8c9371 elementor-widget elementor-widget-crysa_brand\" data-id=\"1a8c9371\" data-element_type=\"widget\" data-widget_type=\"crysa_brand.default\">\n\t\t\t\t<div class=\"elementor-widget-container\">\n\t\t\t\r\n\t\t    <!-- Start Brand \r\n\t    ============================================= -->\r\n\t    <div class=\"brand-area\">\r\n\t        <div class=\"container\">\r\n\t            <div class=\"brand-items pt-80 pb-80\">\r\n\t                <div class=\"row\">\r\n\t                    <div class=\"col-lg-12\">\r\n\t                        <div class=\"brand-carousel swiper\">\r\n\t                            <!-- Additional required wrapper -->\r\n\t                            <div class=\"swiper-wrapper\">\r\n\t                            \t\t                                <!-- Single Item -->\r\n\t                                <div class=\"swiper-slide\">\r\n\t                                    <img decoding=\"async\" src=\"http:\/\/tritonotomasyon.com\/wp-content\/uploads\/2023\/08\/logoproface_18082301.png\" alt=\"Triton Otomasyon\">\r\n\t                                <\/div>\r\n\t                                <!-- End Single Item -->\r\n\t                                \t                                <!-- Single Item -->\r\n\t                                <div class=\"swiper-slide\">\r\n\t                                    <img decoding=\"async\" src=\"http:\/\/tritonotomasyon.com\/wp-content\/uploads\/2023\/08\/logosecomea_18082301.png\" alt=\"Triton Otomasyon\">\r\n\t                                <\/div>\r\n\t                                <!-- End Single Item -->\r\n\t                                \t                                <!-- Single Item -->\r\n\t                                <div class=\"swiper-slide\">\r\n\t                                    <img decoding=\"async\" src=\"http:\/\/tritonotomasyon.com\/wp-content\/uploads\/2023\/08\/logoabb_18082301.png\" alt=\"Triton Otomasyon\">\r\n\t                                <\/div>\r\n\t                                <!-- End Single Item -->\r\n\t                                \t                                <!-- Single Item -->\r\n\t                                <div class=\"swiper-slide\">\r\n\t                                    <img decoding=\"async\" src=\"http:\/\/tritonotomasyon.com\/wp-content\/uploads\/2023\/08\/logoaveva_18082301.png\" alt=\"Triton Otomasyon\">\r\n\t                                <\/div>\r\n\t                                <!-- End Single Item -->\r\n\t                                \t                                <!-- Single Item -->\r\n\t                                <div class=\"swiper-slide\">\r\n\t                                    <img decoding=\"async\" src=\"http:\/\/tritonotomasyon.com\/wp-content\/uploads\/2023\/08\/logosiemens_1808202301.png\" alt=\"Triton Otomasyon\">\r\n\t                                <\/div>\r\n\t                                <!-- End Single Item -->\r\n\t                                \t                                <!-- Single Item -->\r\n\t                                <div class=\"swiper-slide\">\r\n\t                                    <img decoding=\"async\" src=\"http:\/\/tritonotomasyon.com\/wp-content\/uploads\/2023\/08\/logoschnieder_18082301.png\" alt=\"Triton Otomasyon\">\r\n\t                                <\/div>\r\n\t                                <!-- End Single Item -->\r\n\t                                \t                                <!-- Single Item -->\r\n\t                                <div class=\"swiper-slide\">\r\n\t                                    <img decoding=\"async\" src=\"http:\/\/tritonotomasyon.com\/wp-content\/uploads\/2023\/08\/logodanfoss_18082301.png\" alt=\"Triton Otomasyon\">\r\n\t                                <\/div>\r\n\t                                <!-- End Single Item -->\r\n\t                                \t                                <!-- Single Item -->\r\n\t                                <div class=\"swiper-slide\">\r\n\t                                    <img decoding=\"async\" src=\"http:\/\/tritonotomasyon.com\/wp-content\/uploads\/2023\/08\/logoviko_18082301.png\" alt=\"Triton Otomasyon\">\r\n\t                                <\/div>\r\n\t                                <!-- End Single Item -->\r\n\t                                \t                                <!-- Single Item -->\r\n\t                                <div class=\"swiper-slide\">\r\n\t                                    <img decoding=\"async\" src=\"http:\/\/tritonotomasyon.com\/wp-content\/uploads\/2023\/08\/logoomron_18082301.png\" alt=\"Triton Otomasyon\">\r\n\t                                <\/div>\r\n\t                                <!-- End Single Item -->\r\n\t                                \t                                <!-- Single Item -->\r\n\t                                <div class=\"swiper-slide\">\r\n\t                                    <img decoding=\"async\" src=\"http:\/\/tritonotomasyon.com\/wp-content\/uploads\/2023\/08\/logoeae_18082301.png\" alt=\"Triton Otomasyon\">\r\n\t                                <\/div>\r\n\t                                <!-- End Single Item -->\r\n\t                                \t                            <\/div>\r\n\t    \r\n\t                        <\/div>\r\n\t                    <\/div>\r\n\t                <\/div>\r\n\t            <\/div>\r\n\t        <\/div>\r\n\t    <\/div>\r\n\t    <!-- End Brand -->\r\n\t\t\t\t<\/div>\n\t\t\t\t<\/div>\n\t\t\t\t\t<\/div>\n\t\t<\/div>\n\t\t\t\t\t\t\t<\/div>\n\t\t<\/section>\n\t\t\t\t<section class=\"elementor-section elementor-top-section elementor-element elementor-element-5acf98c6 elementor-section-full_width elementor-section-stretched bg-gradient text-light elementor-section-height-default elementor-section-height-default\" data-id=\"5acf98c6\" data-element_type=\"section\" data-settings=\"{&quot;stretch_section&quot;:&quot;section-stretched&quot;}\">\n\t\t\t\t\t\t\t<div class=\"elementor-background-overlay\"><\/div>\n\t\t\t\t\t\t\t<div class=\"elementor-container elementor-column-gap-no\">\n\t\t\t\t\t<div class=\"elementor-column elementor-col-100 elementor-top-column elementor-element elementor-element-7cb077d5\" data-id=\"7cb077d5\" data-element_type=\"column\">\n\t\t\t<div class=\"elementor-widget-wrap elementor-element-populated\">\n\t\t\t\t\t\t\t\t<section class=\"elementor-section elementor-inner-section elementor-element elementor-element-116b5229 elementor-section-boxed elementor-section-height-default elementor-section-height-default\" data-id=\"116b5229\" data-element_type=\"section\">\n\t\t\t\t\t\t<div class=\"elementor-container elementor-column-gap-no\">\n\t\t\t\t\t<div class=\"elementor-column elementor-col-50 elementor-inner-column elementor-element elementor-element-3d21538c\" data-id=\"3d21538c\" data-element_type=\"column\">\n\t\t\t<div class=\"elementor-widget-wrap elementor-element-populated\">\n\t\t\t\t\t\t\t\t<div class=\"elementor-element elementor-element-546b87f8 elementor-widget elementor-widget-quick_contact_content\" data-id=\"546b87f8\" data-element_type=\"widget\" data-widget_type=\"quick_contact_content.default\">\n\t\t\t\t<div class=\"elementor-widget-container\">\n\t\t\t\r\n    <!-- Start Quick Contact Content Area \r\n    ============================================= -->\r\n    <div class=\"quick-contact-style-one\">\r\n        <h4 class=\"sub-heading light\">Projeye mi ihtiyac\u0131n\u0131z var?<\/h4>\r\n        <h2 class=\"heading\">Projenizi detayland\u0131ral\u0131m ve birlikte ilerleyelim<\/h2>\r\n            <\/div>\r\n    <!-- End Quick Contact Content  Area -->\r\n\t\t\t<\/div>\n\t\t\t\t<\/div>\n\t\t\t\t\t<\/div>\n\t\t<\/div>\n\t\t\t\t<div class=\"elementor-column elementor-col-50 elementor-inner-column elementor-element elementor-element-1b5970f0\" data-id=\"1b5970f0\" data-element_type=\"column\">\n\t\t\t<div class=\"elementor-widget-wrap elementor-element-populated\">\n\t\t\t\t\t\t\t\t<div class=\"elementor-element elementor-element-2a5e8883 elementor-widget elementor-widget-quick_contact_form\" data-id=\"2a5e8883\" data-element_type=\"widget\" data-widget_type=\"quick_contact_form.default\">\n\t\t\t\t<div class=\"elementor-widget-container\">\n\t\t\t\r\n    <!-- Start Quick Contact Form Area \r\n    ============================================= -->\r\n    \n<div class=\"wpcf7 no-js\" id=\"wpcf7-f2947-o1\" lang=\"en-US\" dir=\"ltr\">\n<div class=\"screen-reader-response\"><p role=\"status\" aria-live=\"polite\" aria-atomic=\"true\"><\/p> <ul><\/ul><\/div>\n<form action=\"\/index.php\/wp-json\/wp\/v2\/pages\/2636#wpcf7-f2947-o1\" method=\"post\" class=\"wpcf7-form init consultation-form theme\" aria-label=\"Contact form\" novalidate=\"novalidate\" data-status=\"init\">\n<div style=\"display: none;\">\n<input type=\"hidden\" name=\"_wpcf7\" value=\"2947\" \/>\n<input type=\"hidden\" name=\"_wpcf7_version\" value=\"5.8.1\" \/>\n<input type=\"hidden\" name=\"_wpcf7_locale\" value=\"en_US\" \/>\n<input type=\"hidden\" name=\"_wpcf7_unit_tag\" value=\"wpcf7-f2947-o1\" \/>\n<input type=\"hidden\" name=\"_wpcf7_container_post\" value=\"0\" \/>\n<input type=\"hidden\" name=\"_wpcf7_posted_data_hash\" value=\"\" \/>\n<input type=\"hidden\" name=\"_wpcf7_recaptcha_response\" value=\"\" \/>\n<\/div>\n<div class=\"row\">\n\t<div class=\"col-lg-6\">\n\t\t<div class=\"form-group\">\n\t\t\t<p><label for=\"name\">Ad Soyad*<\/label><br \/>\n<span class=\"wpcf7-form-control-wrap\" data-name=\"ad-soyad\"><input size=\"40\" class=\"wpcf7-form-control wpcf7-text wpcf7-validates-as-required form-control\" id=\"name\" aria-required=\"true\" aria-invalid=\"false\" value=\"\" type=\"text\" name=\"ad-soyad\" \/><\/span>\n\t\t\t<\/p>\n\t\t<\/div>\n\t<\/div>\n\t<div class=\"col-lg-6\">\n\t\t<div class=\"form-group\">\n\t\t\t<p><label for=\"email\">E-Posta Adresi*<\/label><br \/>\n<span class=\"wpcf7-form-control-wrap\" data-name=\"eposta-adresi\"><input size=\"40\" class=\"wpcf7-form-control wpcf7-email wpcf7-validates-as-required wpcf7-text wpcf7-validates-as-email form-control\" id=\"email\" aria-required=\"true\" aria-invalid=\"false\" value=\"\" type=\"email\" name=\"eposta-adresi\" \/><\/span>\n\t\t\t<\/p>\n\t\t<\/div>\n\t<\/div>\n\t<div class=\"col-lg-6\">\n\t\t<div class=\"form-group\">\n\t\t\t<p><label for=\"phone\">Telefon Numaras\u0131*<\/label><br \/>\n<span class=\"wpcf7-form-control-wrap\" data-name=\"telefon-numarasi\"><input size=\"40\" class=\"wpcf7-form-control wpcf7-tel wpcf7-validates-as-required wpcf7-text wpcf7-validates-as-tel form-control\" id=\"phone\" aria-required=\"true\" aria-invalid=\"false\" value=\"\" type=\"tel\" name=\"telefon-numarasi\" \/><\/span>\n\t\t\t<\/p>\n\t\t<\/div>\n\t<\/div>\n\t<div class=\"col-lg-6\">\n\t\t<div class=\"form-group\">\n\t\t\t<p><label for=\"subject\">Konu*<\/label><br \/>\n<span class=\"wpcf7-form-control-wrap\" data-name=\"secim-menu\"><select class=\"wpcf7-form-control wpcf7-select wpcf7-validates-as-required\" id=\"subject\" aria-required=\"true\" aria-invalid=\"false\" name=\"secim-menu\"><option value=\"&lt;option value=&quot;1&quot;&gt;Konu Se\u00e7iniz*&lt;\/option&gt;\">&lt;option value=&quot;1&quot;&gt;Konu Se\u00e7iniz*&lt;\/option&gt;<\/option><option value=\"&lt;option value=&quot;2&quot;&gt;Genel Bilgi&lt;\/option&gt;\">&lt;option value=&quot;2&quot;&gt;Genel Bilgi&lt;\/option&gt;<\/option><option value=\"&lt;option value=&quot;3&quot;&gt;\u00dcr\u00fcnler Hakk\u0131nda Bilgi&lt;\/option&gt;\">&lt;option value=&quot;3&quot;&gt;\u00dcr\u00fcnler Hakk\u0131nda Bilgi&lt;\/option&gt;<\/option><option value=\"&lt;option value=&quot;4&quot;&gt;Projeler Hakk\u0131nda Bilgi&lt;\/option&gt;\">&lt;option value=&quot;4&quot;&gt;Projeler Hakk\u0131nda Bilgi&lt;\/option&gt;<\/option><\/select><\/span>\n\t\t\t<\/p>\n\t\t<\/div>\n\t<\/div>\n<\/div>\n<div class=\"row\">\n\t<div class=\"col-lg-12\">\n\t\t<p><button type=\"submit\" name=\"submit\" id=\"submit\">Bilgi Al\u0131n <i class=\"fas fa-angle-right\"><\/i> <\/button>\n\t\t<\/p>\n\t<\/div>\n<\/div><div class=\"wpcf7-response-output\" aria-hidden=\"true\"><\/div>\n<\/form>\n<\/div>\n    <ul class=\"contact-list\">\r\n        <li>\r\n            <div class=\"icon\">\r\n                                                                    <i class=\"fal fa-user-headset\"><\/i>\r\n                            <\/div>\r\n            <div class=\"info\">\r\n                <h5>Bize Ula\u015f\u0131n<\/h5>\r\n                <a href=\"tel:+90 216 606 69 80\">+90 216 606 69 80<\/a>\r\n            <\/div>\r\n        <\/li>\r\n    <\/ul>\r\n    <!-- End Quick Contact Form  Area -->\r\n\t\t\t<\/div>\n\t\t\t\t<\/div>\n\t\t\t\t\t<\/div>\n\t\t<\/div>\n\t\t\t\t\t\t\t<\/div>\n\t\t<\/section>\n\t\t\t\t\t<\/div>\n\t\t<\/div>\n\t\t\t\t\t\t\t<\/div>\n\t\t<\/section>\n\t\t\t\t\t\t\t<\/div>\n\t\t","protected":false},"excerpt":{"rendered":"<p>Tesislerin IOT Modernizasyonu Eski fabrikalar\u0131n IoT\u2019ye (Internet of Things) modernizasyonu, geleneksel end\u00fcstriyel sistemleri daha ak\u0131ll\u0131 ve ba\u011flant\u0131l\u0131 hale getirerek verimlili\u011fi art\u0131rmak ve rekabet avantaj\u0131 elde etmek i\u00e7in yap\u0131lan bir d\u00f6n\u00fc\u015f\u00fcm s\u00fcrecidir. IoT, nesnelerin birbirleriyle ve internet \u00fczerinden ileti\u015fim kurabilme yetene\u011fi sayesinde fabrikalara bir dizi yenilik\u00e7i f\u0131rsat sunar. A\u015fa\u011f\u0131da, eski fabrikalar\u0131n IoT modernizasyonu i\u00e7in baz\u0131 temel [&hellip;]<\/p>\n","protected":false},"author":1,"featured_media":0,"parent":0,"menu_order":0,"comment_status":"closed","ping_status":"closed","template":"page-template\/crysa-service-single.php","meta":{"footnotes":""},"class_list":["post-2636","page","type-page","status-publish","hentry"],"_links":{"self":[{"href":"https:\/\/tritonotomasyon.com\/index.php\/wp-json\/wp\/v2\/pages\/2636","targetHints":{"allow":["GET"]}}],"collection":[{"href":"https:\/\/tritonotomasyon.com\/index.php\/wp-json\/wp\/v2\/pages"}],"about":[{"href":"https:\/\/tritonotomasyon.com\/index.php\/wp-json\/wp\/v2\/types\/page"}],"author":[{"embeddable":true,"href":"https:\/\/tritonotomasyon.com\/index.php\/wp-json\/wp\/v2\/users\/1"}],"replies":[{"embeddable":true,"href":"https:\/\/tritonotomasyon.com\/index.php\/wp-json\/wp\/v2\/comments?post=2636"}],"version-history":[{"count":25,"href":"https:\/\/tritonotomasyon.com\/index.php\/wp-json\/wp\/v2\/pages\/2636\/revisions"}],"predecessor-version":[{"id":3108,"href":"https:\/\/tritonotomasyon.com\/index.php\/wp-json\/wp\/v2\/pages\/2636\/revisions\/3108"}],"wp:attachment":[{"href":"https:\/\/tritonotomasyon.com\/index.php\/wp-json\/wp\/v2\/media?parent=2636"}],"curies":[{"name":"wp","href":"https:\/\/api.w.org\/{rel}","templated":true}]}}