{"id":2646,"date":"2023-07-24T00:56:36","date_gmt":"2023-07-23T21:56:36","guid":{"rendered":"http:\/\/tritonotomasyon.com\/?page_id=2646"},"modified":"2023-09-18T21:07:52","modified_gmt":"2023-09-18T18:07:52","slug":"saha-hizmetleri","status":"publish","type":"page","link":"https:\/\/tritonotomasyon.com\/index.php\/saha-hizmetleri\/","title":{"rendered":"Saha Hizmetleri"},"content":{"rendered":"\t\t<div data-elementor-type=\"wp-page\" data-elementor-id=\"2646\" class=\"elementor elementor-2646\">\n\t\t\t\t\t\t\t\t\t<section class=\"elementor-section elementor-top-section elementor-element elementor-element-49e13742 elementor-section-full_width elementor-section-stretched hizmetslider elementor-section-height-default elementor-section-height-default\" data-id=\"49e13742\" data-element_type=\"section\" data-settings=\"{&quot;stretch_section&quot;:&quot;section-stretched&quot;}\">\n\t\t\t\t\t\t<div class=\"elementor-container elementor-column-gap-no\">\n\t\t\t\t\t<div class=\"elementor-column elementor-col-100 elementor-top-column elementor-element elementor-element-41befcd9\" data-id=\"41befcd9\" data-element_type=\"column\">\n\t\t\t<div class=\"elementor-widget-wrap elementor-element-populated\">\n\t\t\t\t\t\t\t\t<div class=\"elementor-element elementor-element-376f0200 elementor-widget elementor-widget-crysa_slider\" data-id=\"376f0200\" data-element_type=\"widget\" data-widget_type=\"crysa_slider.default\">\n\t\t\t\t<div class=\"elementor-widget-container\">\n\t\t\t    <!-- Start Banner Style Four  -->\r\n    <div class=\"banner-style-four-area bg-cover text-light\" style=\"background-image: url(http:\/\/tritonotomasyon.com\/wp-content\/uploads\/2022\/07\/1.jpg);\">\r\n        <div class=\"container\">\r\n            <div class=\"banner-items\">\r\n                <div class=\"row align-center\">\r\n                    <div class=\"col-lg-6 banner-style-four\">\r\n                        <div class=\"info\">\r\n                            <h4 class=\"sub-title\"><\/h4>\r\n                            <h2 class=\"title\"><strong>Saha<br>Hizmetleri<\/strong><\/h2>\r\n                            <p>\r\n                                                           <\/p>\r\n                            <div class=\"button\">\r\n                                <a class=\"btn btn-gradient btn-md radius animation\" href=\"\"><\/a>\r\n                            <\/div>\r\n                        <\/div>\r\n                    <\/div>\r\n                    <div class=\"col-lg-6 banner-style-four\">\r\n                        <div class=\"thumb\">\r\n                            <img decoding=\"async\" src=\"http:\/\/tritonotomasyon.com\/wp-content\/uploads\/2023\/07\/sahahizmetlerislider_26072301.png\" alt=\"Triton Otomasyon\">\r\n                        <\/div>\r\n                    <\/div>\r\n                <\/div>\r\n            <\/div>\r\n        <\/div>\r\n    <\/div>\r\n    <!-- End Banner Style Four -->\r\n    \t\t<\/div>\n\t\t\t\t<\/div>\n\t\t\t\t\t<\/div>\n\t\t<\/div>\n\t\t\t\t\t\t\t<\/div>\n\t\t<\/section>\n\t\t\t\t<section class=\"elementor-section elementor-top-section elementor-element elementor-element-5ac7ee52 elementor-section-boxed elementor-section-height-default elementor-section-height-default\" data-id=\"5ac7ee52\" data-element_type=\"section\">\n\t\t\t\t\t\t<div class=\"elementor-container elementor-column-gap-no\">\n\t\t\t\t\t<div class=\"elementor-column elementor-col-100 elementor-top-column elementor-element elementor-element-28b09641\" data-id=\"28b09641\" data-element_type=\"column\">\n\t\t\t<div class=\"elementor-widget-wrap elementor-element-populated\">\n\t\t\t\t\t\t\t\t<div class=\"elementor-element elementor-element-64539ab5 elementor-widget elementor-widget-text-editor\" data-id=\"64539ab5\" data-element_type=\"widget\" data-widget_type=\"text-editor.default\">\n\t\t\t\t<div class=\"elementor-widget-container\">\n\t\t\t<style>\/*! elementor - v3.16.0 - 20-09-2023 *\/\n.elementor-widget-text-editor.elementor-drop-cap-view-stacked .elementor-drop-cap{background-color:#69727d;color:#fff}.elementor-widget-text-editor.elementor-drop-cap-view-framed .elementor-drop-cap{color:#69727d;border:3px solid;background-color:transparent}.elementor-widget-text-editor:not(.elementor-drop-cap-view-default) .elementor-drop-cap{margin-top:8px}.elementor-widget-text-editor:not(.elementor-drop-cap-view-default) .elementor-drop-cap-letter{width:1em;height:1em}.elementor-widget-text-editor .elementor-drop-cap{float:left;text-align:center;line-height:1;font-size:50px}.elementor-widget-text-editor .elementor-drop-cap-letter{display:inline-block}<\/style>\t\t\t\t<ul>\n \t<li style=\"list-style-type: none;\">\n<ul>\n \t<li>\n<h4>Devreye Alma<\/h4>\nOtomasyon sistemlerinin devreye al\u0131nmas\u0131, bir otomasyon projesinin hayata ge\u00e7irilmesinin son a\u015famas\u0131d\u0131r. Bu s\u00fcre\u00e7te, tasarlanan otomasyon sistemi ger\u00e7ek d\u00fcnya ortam\u0131nda test edilir, yap\u0131land\u0131r\u0131l\u0131r ve \u00e7al\u0131\u015f\u0131r duruma getirilir.<\/li>\n<\/ul>\n<\/li>\n<\/ul>\n&nbsp;\n<ul>\n \t<li style=\"list-style-type: none;\">\n<ul>\n \t<li>\n<h4>Teknik Destek<\/h4>\nEnd\u00fcstriyel ve otomasyon teknik destek, end\u00fcstriyel otomasyon sistemlerinin kurulumu, bak\u0131m\u0131 ve sorun giderilmesi s\u00fcre\u00e7lerinde uzmanl\u0131k ve yard\u0131m sa\u011flayan bir hizmettir. Bu hizmet, end\u00fcstriyel otomasyon teknolojilerinin karma\u015f\u0131kl\u0131\u011f\u0131 g\u00f6z \u00f6n\u00fcne al\u0131nd\u0131\u011f\u0131nda, kullan\u0131c\u0131lara sistemi optimize etme, hata ay\u0131klama ve performans\u0131 art\u0131rma konular\u0131nda destek sunar. Kullan\u0131c\u0131lar\u0131n end\u00fcstriyel otomasyon sistemlerini daha etkin bir \u015fekilde kullanmalar\u0131n\u0131, sorunlar\u0131 \u00e7\u00f6zmelerini ve sistem performans\u0131n\u0131 art\u0131rmalar\u0131n\u0131 sa\u011flar. Teknik destek ekibi, kullan\u0131c\u0131lara h\u0131zl\u0131 ve etkili \u00e7\u00f6z\u00fcmler sunarak i\u015f s\u00fcreklili\u011fini ve verimlili\u011fi art\u0131r\u0131r.<\/li>\n<\/ul>\n<\/li>\n<\/ul>\n&nbsp;\n<ul>\n \t<li>\n<h4>Bak\u0131m Anla\u015fmalar\u0131<\/h4>\nEnd\u00fcstriyel yaz\u0131l\u0131m bak\u0131m anla\u015fmalar\u0131, end\u00fcstriyel otomasyon sistemlerinde kullan\u0131lan yaz\u0131l\u0131m\u0131n d\u00fczenli bak\u0131m\u0131n\u0131 ve destek hizmetlerini kapsayan s\u00f6zle\u015fmelerdir. Bu anla\u015fmalar, yaz\u0131l\u0131m\u0131n g\u00fcncel kalmas\u0131n\u0131, sorunlar\u0131n h\u0131zl\u0131 bir \u015fekilde<\/li>\n<\/ul>\t\t\t\t\t\t<\/div>\n\t\t\t\t<\/div>\n\t\t\t\t\t<\/div>\n\t\t<\/div>\n\t\t\t\t\t\t\t<\/div>\n\t\t<\/section>\n\t\t\t\t<section class=\"elementor-section elementor-top-section elementor-element elementor-element-d0ec892 elementor-section-full_width elementor-section-stretched elementor-section-height-default elementor-section-height-default\" data-id=\"d0ec892\" data-element_type=\"section\" data-settings=\"{&quot;stretch_section&quot;:&quot;section-stretched&quot;}\">\n\t\t\t\t\t\t<div class=\"elementor-container elementor-column-gap-no\">\n\t\t\t\t\t<div class=\"elementor-column elementor-col-100 elementor-top-column elementor-element elementor-element-5c2cfe0e\" data-id=\"5c2cfe0e\" data-element_type=\"column\">\n\t\t\t<div class=\"elementor-widget-wrap elementor-element-populated\">\n\t\t\t\t\t\t\t\t<div class=\"elementor-element elementor-element-43b2ad9f elementor-widget elementor-widget-heading\" data-id=\"43b2ad9f\" data-element_type=\"widget\" data-widget_type=\"heading.default\">\n\t\t\t\t<div class=\"elementor-widget-container\">\n\t\t\t<style>\/*! elementor - v3.16.0 - 20-09-2023 *\/\n.elementor-heading-title{padding:0;margin:0;line-height:1}.elementor-widget-heading .elementor-heading-title[class*=elementor-size-]>a{color:inherit;font-size:inherit;line-height:inherit}.elementor-widget-heading .elementor-heading-title.elementor-size-small{font-size:15px}.elementor-widget-heading .elementor-heading-title.elementor-size-medium{font-size:19px}.elementor-widget-heading .elementor-heading-title.elementor-size-large{font-size:29px}.elementor-widget-heading .elementor-heading-title.elementor-size-xl{font-size:39px}.elementor-widget-heading .elementor-heading-title.elementor-size-xxl{font-size:59px}<\/style><h2 class=\"elementor-heading-title elementor-size-default\">\u00dcr\u00fcn \u00c7\u00f6z\u00fcm\u00fcnde Tercih Etti\u011fimiz Markalar\n<\/h2>\t\t<\/div>\n\t\t\t\t<\/div>\n\t\t\t\t<div class=\"elementor-element elementor-element-3e95f6ad elementor-widget elementor-widget-crysa_brand\" data-id=\"3e95f6ad\" data-element_type=\"widget\" data-widget_type=\"crysa_brand.default\">\n\t\t\t\t<div class=\"elementor-widget-container\">\n\t\t\t\r\n\t\t    <!-- Start Brand \r\n\t    ============================================= -->\r\n\t    <div class=\"brand-area\">\r\n\t        <div class=\"container\">\r\n\t            <div class=\"brand-items pt-80 pb-80\">\r\n\t                <div class=\"row\">\r\n\t                    <div class=\"col-lg-12\">\r\n\t                        <div class=\"brand-carousel swiper\">\r\n\t                            <!-- Additional required wrapper -->\r\n\t                            <div class=\"swiper-wrapper\">\r\n\t                            \t\t                                <!-- Single Item -->\r\n\t                                <div class=\"swiper-slide\">\r\n\t                                    <img decoding=\"async\" src=\"http:\/\/tritonotomasyon.com\/wp-content\/uploads\/2023\/08\/logoproface_18082301.png\" alt=\"Triton Otomasyon\">\r\n\t                                <\/div>\r\n\t                                <!-- End Single Item -->\r\n\t                                \t                                <!-- Single Item -->\r\n\t                                <div class=\"swiper-slide\">\r\n\t                                    <img decoding=\"async\" src=\"http:\/\/tritonotomasyon.com\/wp-content\/uploads\/2023\/08\/logosecomea_18082301.png\" alt=\"Triton Otomasyon\">\r\n\t                                <\/div>\r\n\t                                <!-- End Single Item -->\r\n\t                                \t                                <!-- Single Item -->\r\n\t                                <div class=\"swiper-slide\">\r\n\t                                    <img decoding=\"async\" src=\"http:\/\/tritonotomasyon.com\/wp-content\/uploads\/2023\/08\/logoabb_18082301.png\" alt=\"Triton Otomasyon\">\r\n\t                                <\/div>\r\n\t                                <!-- End Single Item -->\r\n\t                                \t                                <!-- Single Item -->\r\n\t                                <div class=\"swiper-slide\">\r\n\t                                    <img decoding=\"async\" src=\"http:\/\/tritonotomasyon.com\/wp-content\/uploads\/2023\/08\/logoaveva_18082301.png\" alt=\"Triton Otomasyon\">\r\n\t                                <\/div>\r\n\t                                <!-- End Single Item -->\r\n\t                                \t                                <!-- Single Item -->\r\n\t                                <div class=\"swiper-slide\">\r\n\t                                    <img decoding=\"async\" src=\"http:\/\/tritonotomasyon.com\/wp-content\/uploads\/2023\/08\/logosiemens_1808202301.png\" alt=\"Triton Otomasyon\">\r\n\t                                <\/div>\r\n\t                                <!-- End Single Item -->\r\n\t                                \t                                <!-- Single Item -->\r\n\t                                <div class=\"swiper-slide\">\r\n\t                                    <img decoding=\"async\" src=\"http:\/\/tritonotomasyon.com\/wp-content\/uploads\/2023\/08\/logoschnieder_18082301.png\" alt=\"Triton Otomasyon\">\r\n\t                                <\/div>\r\n\t                                <!-- End Single Item -->\r\n\t                                \t                                <!-- Single Item -->\r\n\t                                <div class=\"swiper-slide\">\r\n\t                                    <img decoding=\"async\" src=\"http:\/\/tritonotomasyon.com\/wp-content\/uploads\/2023\/08\/logodanfoss_18082301.png\" alt=\"Triton Otomasyon\">\r\n\t                                <\/div>\r\n\t                                <!-- End Single Item -->\r\n\t                                \t                                <!-- Single Item -->\r\n\t                                <div class=\"swiper-slide\">\r\n\t                                    <img decoding=\"async\" src=\"http:\/\/tritonotomasyon.com\/wp-content\/uploads\/2023\/08\/logoviko_18082301.png\" alt=\"Triton Otomasyon\">\r\n\t                                <\/div>\r\n\t                                <!-- End Single Item -->\r\n\t                                \t                                <!-- Single Item -->\r\n\t                                <div class=\"swiper-slide\">\r\n\t                                    <img decoding=\"async\" src=\"http:\/\/tritonotomasyon.com\/wp-content\/uploads\/2023\/08\/logoomron_18082301.png\" alt=\"Triton Otomasyon\">\r\n\t                                <\/div>\r\n\t                                <!-- End Single Item -->\r\n\t                                \t                                <!-- Single Item -->\r\n\t                                <div class=\"swiper-slide\">\r\n\t                                    <img decoding=\"async\" src=\"http:\/\/tritonotomasyon.com\/wp-content\/uploads\/2023\/08\/logoeae_18082301.png\" alt=\"Triton Otomasyon\">\r\n\t                                <\/div>\r\n\t                                <!-- End Single Item -->\r\n\t                                \t                            <\/div>\r\n\t    \r\n\t                        <\/div>\r\n\t                    <\/div>\r\n\t                <\/div>\r\n\t            <\/div>\r\n\t        <\/div>\r\n\t    <\/div>\r\n\t    <!-- End Brand -->\r\n\t\t\t\t<\/div>\n\t\t\t\t<\/div>\n\t\t\t\t\t<\/div>\n\t\t<\/div>\n\t\t\t\t\t\t\t<\/div>\n\t\t<\/section>\n\t\t\t\t<section class=\"elementor-section elementor-top-section elementor-element elementor-element-6a92f5dc elementor-section-full_width elementor-section-stretched bg-gradient text-light elementor-section-height-default elementor-section-height-default\" data-id=\"6a92f5dc\" data-element_type=\"section\" data-settings=\"{&quot;stretch_section&quot;:&quot;section-stretched&quot;}\">\n\t\t\t\t\t\t\t<div class=\"elementor-background-overlay\"><\/div>\n\t\t\t\t\t\t\t<div class=\"elementor-container elementor-column-gap-no\">\n\t\t\t\t\t<div class=\"elementor-column elementor-col-100 elementor-top-column elementor-element elementor-element-20610517\" data-id=\"20610517\" data-element_type=\"column\">\n\t\t\t<div class=\"elementor-widget-wrap elementor-element-populated\">\n\t\t\t\t\t\t\t\t<section class=\"elementor-section elementor-inner-section elementor-element elementor-element-12b9994 elementor-section-boxed elementor-section-height-default elementor-section-height-default\" data-id=\"12b9994\" data-element_type=\"section\">\n\t\t\t\t\t\t<div class=\"elementor-container elementor-column-gap-no\">\n\t\t\t\t\t<div class=\"elementor-column elementor-col-50 elementor-inner-column elementor-element elementor-element-5c51c522\" data-id=\"5c51c522\" data-element_type=\"column\">\n\t\t\t<div class=\"elementor-widget-wrap elementor-element-populated\">\n\t\t\t\t\t\t\t\t<div class=\"elementor-element elementor-element-2ac88c6b elementor-widget elementor-widget-quick_contact_content\" data-id=\"2ac88c6b\" data-element_type=\"widget\" data-widget_type=\"quick_contact_content.default\">\n\t\t\t\t<div class=\"elementor-widget-container\">\n\t\t\t\r\n    <!-- Start Quick Contact Content Area \r\n    ============================================= -->\r\n    <div class=\"quick-contact-style-one\">\r\n        <h4 class=\"sub-heading light\">Projeye mi ihtiyac\u0131n\u0131z var?<\/h4>\r\n        <h2 class=\"heading\">Projenizi detayland\u0131ral\u0131m ve birlikte ilerleyelim<\/h2>\r\n            <\/div>\r\n    <!-- End Quick Contact Content  Area -->\r\n\t\t\t<\/div>\n\t\t\t\t<\/div>\n\t\t\t\t\t<\/div>\n\t\t<\/div>\n\t\t\t\t<div class=\"elementor-column elementor-col-50 elementor-inner-column elementor-element elementor-element-639969d7\" data-id=\"639969d7\" data-element_type=\"column\">\n\t\t\t<div class=\"elementor-widget-wrap elementor-element-populated\">\n\t\t\t\t\t\t\t\t<div class=\"elementor-element elementor-element-7f4f38c5 elementor-widget elementor-widget-quick_contact_form\" data-id=\"7f4f38c5\" data-element_type=\"widget\" data-widget_type=\"quick_contact_form.default\">\n\t\t\t\t<div class=\"elementor-widget-container\">\n\t\t\t\r\n    <!-- Start Quick Contact Form Area \r\n    ============================================= -->\r\n    \n<div class=\"wpcf7 no-js\" id=\"wpcf7-f2947-o1\" lang=\"en-US\" dir=\"ltr\">\n<div class=\"screen-reader-response\"><p role=\"status\" aria-live=\"polite\" aria-atomic=\"true\"><\/p> <ul><\/ul><\/div>\n<form action=\"\/index.php\/wp-json\/wp\/v2\/pages\/2646#wpcf7-f2947-o1\" method=\"post\" class=\"wpcf7-form init consultation-form theme\" aria-label=\"Contact form\" novalidate=\"novalidate\" data-status=\"init\">\n<div style=\"display: none;\">\n<input type=\"hidden\" name=\"_wpcf7\" value=\"2947\" \/>\n<input type=\"hidden\" name=\"_wpcf7_version\" value=\"5.8.1\" \/>\n<input type=\"hidden\" name=\"_wpcf7_locale\" value=\"en_US\" \/>\n<input type=\"hidden\" name=\"_wpcf7_unit_tag\" value=\"wpcf7-f2947-o1\" \/>\n<input type=\"hidden\" name=\"_wpcf7_container_post\" value=\"0\" \/>\n<input type=\"hidden\" name=\"_wpcf7_posted_data_hash\" value=\"\" \/>\n<input type=\"hidden\" name=\"_wpcf7_recaptcha_response\" value=\"\" \/>\n<\/div>\n<div class=\"row\">\n\t<div class=\"col-lg-6\">\n\t\t<div class=\"form-group\">\n\t\t\t<p><label for=\"name\">Ad Soyad*<\/label><br \/>\n<span class=\"wpcf7-form-control-wrap\" data-name=\"ad-soyad\"><input size=\"40\" class=\"wpcf7-form-control wpcf7-text wpcf7-validates-as-required form-control\" id=\"name\" aria-required=\"true\" aria-invalid=\"false\" value=\"\" type=\"text\" name=\"ad-soyad\" \/><\/span>\n\t\t\t<\/p>\n\t\t<\/div>\n\t<\/div>\n\t<div class=\"col-lg-6\">\n\t\t<div class=\"form-group\">\n\t\t\t<p><label for=\"email\">E-Posta Adresi*<\/label><br \/>\n<span class=\"wpcf7-form-control-wrap\" data-name=\"eposta-adresi\"><input size=\"40\" class=\"wpcf7-form-control wpcf7-email wpcf7-validates-as-required wpcf7-text wpcf7-validates-as-email form-control\" id=\"email\" aria-required=\"true\" aria-invalid=\"false\" value=\"\" type=\"email\" name=\"eposta-adresi\" \/><\/span>\n\t\t\t<\/p>\n\t\t<\/div>\n\t<\/div>\n\t<div class=\"col-lg-6\">\n\t\t<div class=\"form-group\">\n\t\t\t<p><label for=\"phone\">Telefon Numaras\u0131*<\/label><br \/>\n<span class=\"wpcf7-form-control-wrap\" data-name=\"telefon-numarasi\"><input size=\"40\" class=\"wpcf7-form-control wpcf7-tel wpcf7-validates-as-required wpcf7-text wpcf7-validates-as-tel form-control\" id=\"phone\" aria-required=\"true\" aria-invalid=\"false\" value=\"\" type=\"tel\" name=\"telefon-numarasi\" \/><\/span>\n\t\t\t<\/p>\n\t\t<\/div>\n\t<\/div>\n\t<div class=\"col-lg-6\">\n\t\t<div class=\"form-group\">\n\t\t\t<p><label for=\"subject\">Konu*<\/label><br \/>\n<span class=\"wpcf7-form-control-wrap\" data-name=\"secim-menu\"><select class=\"wpcf7-form-control wpcf7-select wpcf7-validates-as-required\" id=\"subject\" aria-required=\"true\" aria-invalid=\"false\" name=\"secim-menu\"><option value=\"&lt;option value=&quot;1&quot;&gt;Konu Se\u00e7iniz*&lt;\/option&gt;\">&lt;option value=&quot;1&quot;&gt;Konu Se\u00e7iniz*&lt;\/option&gt;<\/option><option value=\"&lt;option value=&quot;2&quot;&gt;Genel Bilgi&lt;\/option&gt;\">&lt;option value=&quot;2&quot;&gt;Genel Bilgi&lt;\/option&gt;<\/option><option value=\"&lt;option value=&quot;3&quot;&gt;\u00dcr\u00fcnler Hakk\u0131nda Bilgi&lt;\/option&gt;\">&lt;option value=&quot;3&quot;&gt;\u00dcr\u00fcnler Hakk\u0131nda Bilgi&lt;\/option&gt;<\/option><option value=\"&lt;option value=&quot;4&quot;&gt;Projeler Hakk\u0131nda Bilgi&lt;\/option&gt;\">&lt;option value=&quot;4&quot;&gt;Projeler Hakk\u0131nda Bilgi&lt;\/option&gt;<\/option><\/select><\/span>\n\t\t\t<\/p>\n\t\t<\/div>\n\t<\/div>\n<\/div>\n<div class=\"row\">\n\t<div class=\"col-lg-12\">\n\t\t<p><button type=\"submit\" name=\"submit\" id=\"submit\">Bilgi Al\u0131n <i class=\"fas fa-angle-right\"><\/i> <\/button>\n\t\t<\/p>\n\t<\/div>\n<\/div><div class=\"wpcf7-response-output\" aria-hidden=\"true\"><\/div>\n<\/form>\n<\/div>\n    <ul class=\"contact-list\">\r\n        <li>\r\n            <div class=\"icon\">\r\n                                                                    <i class=\"fal fa-user-headset\"><\/i>\r\n                            <\/div>\r\n            <div class=\"info\">\r\n                <h5>Bize Ula\u015f\u0131n<\/h5>\r\n                <a href=\"tel:+90 216 606 69 80\">+90 216 606 69 80<\/a>\r\n            <\/div>\r\n        <\/li>\r\n    <\/ul>\r\n    <!-- End Quick Contact Form  Area -->\r\n\t\t\t<\/div>\n\t\t\t\t<\/div>\n\t\t\t\t\t<\/div>\n\t\t<\/div>\n\t\t\t\t\t\t\t<\/div>\n\t\t<\/section>\n\t\t\t\t\t<\/div>\n\t\t<\/div>\n\t\t\t\t\t\t\t<\/div>\n\t\t<\/section>\n\t\t\t\t\t\t\t<\/div>\n\t\t","protected":false},"excerpt":{"rendered":"<p>SahaHizmetleri Devreye Alma Otomasyon sistemlerinin devreye al\u0131nmas\u0131, bir otomasyon projesinin hayata ge\u00e7irilmesinin son a\u015famas\u0131d\u0131r. Bu s\u00fcre\u00e7te, tasarlanan otomasyon sistemi ger\u00e7ek d\u00fcnya ortam\u0131nda test edilir, yap\u0131land\u0131r\u0131l\u0131r ve \u00e7al\u0131\u015f\u0131r duruma getirilir. &nbsp; Teknik Destek End\u00fcstriyel ve otomasyon teknik destek, end\u00fcstriyel otomasyon sistemlerinin kurulumu, bak\u0131m\u0131 ve sorun giderilmesi s\u00fcre\u00e7lerinde uzmanl\u0131k ve yard\u0131m sa\u011flayan bir hizmettir. Bu hizmet, end\u00fcstriyel [&hellip;]<\/p>\n","protected":false},"author":1,"featured_media":0,"parent":0,"menu_order":0,"comment_status":"closed","ping_status":"closed","template":"page-template\/crysa-service-single.php","meta":{"footnotes":""},"class_list":["post-2646","page","type-page","status-publish","hentry"],"_links":{"self":[{"href":"https:\/\/tritonotomasyon.com\/index.php\/wp-json\/wp\/v2\/pages\/2646","targetHints":{"allow":["GET"]}}],"collection":[{"href":"https:\/\/tritonotomasyon.com\/index.php\/wp-json\/wp\/v2\/pages"}],"about":[{"href":"https:\/\/tritonotomasyon.com\/index.php\/wp-json\/wp\/v2\/types\/page"}],"author":[{"embeddable":true,"href":"https:\/\/tritonotomasyon.com\/index.php\/wp-json\/wp\/v2\/users\/1"}],"replies":[{"embeddable":true,"href":"https:\/\/tritonotomasyon.com\/index.php\/wp-json\/wp\/v2\/comments?post=2646"}],"version-history":[{"count":22,"href":"https:\/\/tritonotomasyon.com\/index.php\/wp-json\/wp\/v2\/pages\/2646\/revisions"}],"predecessor-version":[{"id":3111,"href":"https:\/\/tritonotomasyon.com\/index.php\/wp-json\/wp\/v2\/pages\/2646\/revisions\/3111"}],"wp:attachment":[{"href":"https:\/\/tritonotomasyon.com\/index.php\/wp-json\/wp\/v2\/media?parent=2646"}],"curies":[{"name":"wp","href":"https:\/\/api.w.org\/{rel}","templated":true}]}}