{"id":2909,"date":"2023-08-02T12:10:16","date_gmt":"2023-08-02T09:10:16","guid":{"rendered":"http:\/\/tritonotomasyon.com\/?page_id=2909"},"modified":"2023-09-18T21:04:23","modified_gmt":"2023-09-18T18:04:23","slug":"elektrik-panolari","status":"publish","type":"page","link":"https:\/\/tritonotomasyon.com\/index.php\/elektrik-panolari\/","title":{"rendered":"Elektrik Panolar\u0131"},"content":{"rendered":"\t\t<div data-elementor-type=\"wp-page\" data-elementor-id=\"2909\" class=\"elementor elementor-2909\">\n\t\t\t\t\t\t\t\t\t<section class=\"elementor-section elementor-top-section elementor-element elementor-element-1b31e5da elementor-section-full_width elementor-section-stretched hizmetslider elementor-section-height-default elementor-section-height-default\" data-id=\"1b31e5da\" data-element_type=\"section\" data-settings=\"{&quot;stretch_section&quot;:&quot;section-stretched&quot;}\">\n\t\t\t\t\t\t<div class=\"elementor-container elementor-column-gap-no\">\n\t\t\t\t\t<div class=\"elementor-column elementor-col-100 elementor-top-column elementor-element elementor-element-6ddeebe7\" data-id=\"6ddeebe7\" data-element_type=\"column\">\n\t\t\t<div class=\"elementor-widget-wrap elementor-element-populated\">\n\t\t\t\t\t\t\t\t<div class=\"elementor-element elementor-element-24ea53c7 elementor-widget elementor-widget-crysa_slider\" data-id=\"24ea53c7\" data-element_type=\"widget\" data-widget_type=\"crysa_slider.default\">\n\t\t\t\t<div class=\"elementor-widget-container\">\n\t\t\t    <!-- Start Banner Style Four  -->\r\n    <div class=\"banner-style-four-area bg-cover text-light\" style=\"background-image: url(http:\/\/tritonotomasyon.com\/wp-content\/uploads\/2022\/07\/1.jpg);\">\r\n        <div class=\"container\">\r\n            <div class=\"banner-items\">\r\n                <div class=\"row align-center\">\r\n                    <div class=\"col-lg-6 banner-style-four\">\r\n                        <div class=\"info\">\r\n                            <h4 class=\"sub-title\"><\/h4>\r\n                            <h2 class=\"title\"><strong>Elektrik<br>Panolar\u0131<\/strong><\/h2>\r\n                            <p>\r\n                                                           <\/p>\r\n                            <div class=\"button\">\r\n                                <a class=\"btn btn-gradient btn-md radius animation\" href=\"\"><\/a>\r\n                            <\/div>\r\n                        <\/div>\r\n                    <\/div>\r\n                    <div class=\"col-lg-6 banner-style-four\">\r\n                        <div class=\"thumb\">\r\n                            <img decoding=\"async\" src=\"http:\/\/tritonotomasyon.com\/wp-content\/uploads\/2023\/07\/03_03.jpg\" alt=\"Triton Otomasyon\">\r\n                        <\/div>\r\n                    <\/div>\r\n                <\/div>\r\n            <\/div>\r\n        <\/div>\r\n    <\/div>\r\n    <!-- End Banner Style Four -->\r\n    \t\t<\/div>\n\t\t\t\t<\/div>\n\t\t\t\t\t<\/div>\n\t\t<\/div>\n\t\t\t\t\t\t\t<\/div>\n\t\t<\/section>\n\t\t\t\t<section class=\"elementor-section elementor-top-section elementor-element elementor-element-475c3bd9 elementor-section-boxed elementor-section-height-default elementor-section-height-default\" data-id=\"475c3bd9\" data-element_type=\"section\">\n\t\t\t\t\t\t<div class=\"elementor-container elementor-column-gap-no\">\n\t\t\t\t\t<div class=\"elementor-column elementor-col-100 elementor-top-column elementor-element elementor-element-7fa842b3\" data-id=\"7fa842b3\" data-element_type=\"column\">\n\t\t\t<div class=\"elementor-widget-wrap elementor-element-populated\">\n\t\t\t\t\t\t\t\t<div class=\"elementor-element elementor-element-61a64bc2 elementor-widget elementor-widget-text-editor\" data-id=\"61a64bc2\" data-element_type=\"widget\" data-widget_type=\"text-editor.default\">\n\t\t\t\t<div class=\"elementor-widget-container\">\n\t\t\t<style>\/*! elementor - v3.16.0 - 20-09-2023 *\/\n.elementor-widget-text-editor.elementor-drop-cap-view-stacked .elementor-drop-cap{background-color:#69727d;color:#fff}.elementor-widget-text-editor.elementor-drop-cap-view-framed .elementor-drop-cap{color:#69727d;border:3px solid;background-color:transparent}.elementor-widget-text-editor:not(.elementor-drop-cap-view-default) .elementor-drop-cap{margin-top:8px}.elementor-widget-text-editor:not(.elementor-drop-cap-view-default) .elementor-drop-cap-letter{width:1em;height:1em}.elementor-widget-text-editor .elementor-drop-cap{float:left;text-align:center;line-height:1;font-size:50px}.elementor-widget-text-editor .elementor-drop-cap-letter{display:inline-block}<\/style>\t\t\t\t<div class=\"features\">\n  <div class=\"row\">\n    <div class=\"col-lg-6 col-md-6\">\n      <div class=\"content\">\n        <h3>Elektrik Panolar\u0131<\/h3>\n        <ul>\n          <li>Ana Da\u011f\u0131t\u0131m Panolar\u0131 (ADP)<\/li>\n          <li>MCC Panolar\u0131<\/li>\n          <li>Kompanzasyon Panolar\u0131<\/li>\n        <\/ul>\n      <\/div>\n    <\/div>\n  <\/div>\n<\/div>\t\t\t\t\t\t<\/div>\n\t\t\t\t<\/div>\n\t\t\t\t\t<\/div>\n\t\t<\/div>\n\t\t\t\t\t\t\t<\/div>\n\t\t<\/section>\n\t\t\t\t<section class=\"elementor-section elementor-top-section elementor-element elementor-element-509e863a elementor-section-full_width elementor-section-stretched elementor-section-height-default elementor-section-height-default\" data-id=\"509e863a\" data-element_type=\"section\" data-settings=\"{&quot;stretch_section&quot;:&quot;section-stretched&quot;}\">\n\t\t\t\t\t\t<div class=\"elementor-container elementor-column-gap-no\">\n\t\t\t\t\t<div class=\"elementor-column elementor-col-100 elementor-top-column elementor-element elementor-element-e942ee1\" data-id=\"e942ee1\" data-element_type=\"column\">\n\t\t\t<div class=\"elementor-widget-wrap elementor-element-populated\">\n\t\t\t\t\t\t\t\t<div class=\"elementor-element elementor-element-42fa5836 elementor-widget elementor-widget-heading\" data-id=\"42fa5836\" data-element_type=\"widget\" data-widget_type=\"heading.default\">\n\t\t\t\t<div class=\"elementor-widget-container\">\n\t\t\t<style>\/*! elementor - v3.16.0 - 20-09-2023 *\/\n.elementor-heading-title{padding:0;margin:0;line-height:1}.elementor-widget-heading .elementor-heading-title[class*=elementor-size-]>a{color:inherit;font-size:inherit;line-height:inherit}.elementor-widget-heading .elementor-heading-title.elementor-size-small{font-size:15px}.elementor-widget-heading .elementor-heading-title.elementor-size-medium{font-size:19px}.elementor-widget-heading .elementor-heading-title.elementor-size-large{font-size:29px}.elementor-widget-heading .elementor-heading-title.elementor-size-xl{font-size:39px}.elementor-widget-heading .elementor-heading-title.elementor-size-xxl{font-size:59px}<\/style><h2 class=\"elementor-heading-title elementor-size-default\">\u00dcr\u00fcn \u00c7\u00f6z\u00fcm\u00fcnde Tercih Etti\u011fimiz Markalar\n<\/h2>\t\t<\/div>\n\t\t\t\t<\/div>\n\t\t\t\t<div class=\"elementor-element elementor-element-6cc17b3e elementor-widget elementor-widget-crysa_brand\" data-id=\"6cc17b3e\" data-element_type=\"widget\" data-widget_type=\"crysa_brand.default\">\n\t\t\t\t<div class=\"elementor-widget-container\">\n\t\t\t\r\n\t\t    <!-- Start Brand \r\n\t    ============================================= -->\r\n\t    <div class=\"brand-area\">\r\n\t        <div class=\"container\">\r\n\t            <div class=\"brand-items pt-80 pb-80\">\r\n\t                <div class=\"row\">\r\n\t                    <div class=\"col-lg-12\">\r\n\t                        <div class=\"brand-carousel swiper\">\r\n\t                            <!-- Additional required wrapper -->\r\n\t                            <div class=\"swiper-wrapper\">\r\n\t                            \t\t                                <!-- Single Item -->\r\n\t                                <div class=\"swiper-slide\">\r\n\t                                    <img decoding=\"async\" src=\"http:\/\/tritonotomasyon.com\/wp-content\/uploads\/2023\/08\/logoproface_18082301.png\" alt=\"Triton Otomasyon\">\r\n\t                                <\/div>\r\n\t                                <!-- End Single Item -->\r\n\t                                \t                                <!-- Single Item -->\r\n\t                                <div class=\"swiper-slide\">\r\n\t                                    <img decoding=\"async\" src=\"http:\/\/tritonotomasyon.com\/wp-content\/uploads\/2023\/08\/logosecomea_18082301.png\" alt=\"Triton Otomasyon\">\r\n\t                                <\/div>\r\n\t                                <!-- End Single Item -->\r\n\t                                \t                                <!-- Single Item -->\r\n\t                                <div class=\"swiper-slide\">\r\n\t                                    <img decoding=\"async\" src=\"http:\/\/tritonotomasyon.com\/wp-content\/uploads\/2023\/08\/logoabb_18082301.png\" alt=\"Triton Otomasyon\">\r\n\t                                <\/div>\r\n\t                                <!-- End Single Item -->\r\n\t                                \t                                <!-- Single Item -->\r\n\t                                <div class=\"swiper-slide\">\r\n\t                                    <img decoding=\"async\" src=\"http:\/\/tritonotomasyon.com\/wp-content\/uploads\/2023\/08\/logoaveva_18082301.png\" alt=\"Triton Otomasyon\">\r\n\t                                <\/div>\r\n\t                                <!-- End Single Item -->\r\n\t                                \t                                <!-- Single Item -->\r\n\t                                <div class=\"swiper-slide\">\r\n\t                                    <img decoding=\"async\" src=\"http:\/\/tritonotomasyon.com\/wp-content\/uploads\/2023\/08\/logosiemens_1808202301.png\" alt=\"Triton Otomasyon\">\r\n\t                                <\/div>\r\n\t                                <!-- End Single Item -->\r\n\t                                \t                                <!-- Single Item -->\r\n\t                                <div class=\"swiper-slide\">\r\n\t                                    <img decoding=\"async\" src=\"http:\/\/tritonotomasyon.com\/wp-content\/uploads\/2023\/08\/logoschnieder_18082301.png\" alt=\"Triton Otomasyon\">\r\n\t                                <\/div>\r\n\t                                <!-- End Single Item -->\r\n\t                                \t                                <!-- Single Item -->\r\n\t                                <div class=\"swiper-slide\">\r\n\t                                    <img decoding=\"async\" src=\"http:\/\/tritonotomasyon.com\/wp-content\/uploads\/2023\/08\/logodanfoss_18082301.png\" alt=\"Triton Otomasyon\">\r\n\t                                <\/div>\r\n\t                                <!-- End Single Item -->\r\n\t                                \t                                <!-- Single Item -->\r\n\t                                <div class=\"swiper-slide\">\r\n\t                                    <img decoding=\"async\" src=\"http:\/\/tritonotomasyon.com\/wp-content\/uploads\/2023\/08\/logoviko_18082301.png\" alt=\"Triton Otomasyon\">\r\n\t                                <\/div>\r\n\t                                <!-- End Single Item -->\r\n\t                                \t                                <!-- Single Item -->\r\n\t                                <div class=\"swiper-slide\">\r\n\t                                    <img decoding=\"async\" src=\"http:\/\/tritonotomasyon.com\/wp-content\/uploads\/2023\/08\/logoomron_18082301.png\" alt=\"Triton Otomasyon\">\r\n\t                                <\/div>\r\n\t                                <!-- End Single Item -->\r\n\t                                \t                                <!-- Single Item -->\r\n\t                                <div class=\"swiper-slide\">\r\n\t                                    <img decoding=\"async\" src=\"http:\/\/tritonotomasyon.com\/wp-content\/uploads\/2023\/08\/logoeae_18082301.png\" alt=\"Triton Otomasyon\">\r\n\t                                <\/div>\r\n\t                                <!-- End Single Item -->\r\n\t                                \t                            <\/div>\r\n\t    \r\n\t                        <\/div>\r\n\t                    <\/div>\r\n\t                <\/div>\r\n\t            <\/div>\r\n\t        <\/div>\r\n\t    <\/div>\r\n\t    <!-- End Brand -->\r\n\t\t\t\t<\/div>\n\t\t\t\t<\/div>\n\t\t\t\t\t<\/div>\n\t\t<\/div>\n\t\t\t\t\t\t\t<\/div>\n\t\t<\/section>\n\t\t\t\t<section class=\"elementor-section elementor-top-section elementor-element elementor-element-37276955 elementor-section-full_width elementor-section-stretched bg-gradient text-light elementor-section-height-default elementor-section-height-default\" data-id=\"37276955\" data-element_type=\"section\" data-settings=\"{&quot;stretch_section&quot;:&quot;section-stretched&quot;}\">\n\t\t\t\t\t\t\t<div class=\"elementor-background-overlay\"><\/div>\n\t\t\t\t\t\t\t<div class=\"elementor-container elementor-column-gap-no\">\n\t\t\t\t\t<div class=\"elementor-column elementor-col-100 elementor-top-column elementor-element elementor-element-631598ff\" data-id=\"631598ff\" data-element_type=\"column\">\n\t\t\t<div class=\"elementor-widget-wrap elementor-element-populated\">\n\t\t\t\t\t\t\t\t<section class=\"elementor-section elementor-inner-section elementor-element elementor-element-6708ac5a elementor-section-boxed elementor-section-height-default elementor-section-height-default\" data-id=\"6708ac5a\" data-element_type=\"section\">\n\t\t\t\t\t\t<div class=\"elementor-container elementor-column-gap-no\">\n\t\t\t\t\t<div class=\"elementor-column elementor-col-50 elementor-inner-column elementor-element elementor-element-57a5e853\" data-id=\"57a5e853\" data-element_type=\"column\">\n\t\t\t<div class=\"elementor-widget-wrap elementor-element-populated\">\n\t\t\t\t\t\t\t\t<div class=\"elementor-element elementor-element-51376b11 elementor-widget elementor-widget-quick_contact_content\" data-id=\"51376b11\" data-element_type=\"widget\" data-widget_type=\"quick_contact_content.default\">\n\t\t\t\t<div class=\"elementor-widget-container\">\n\t\t\t\r\n    <!-- Start Quick Contact Content Area \r\n    ============================================= -->\r\n    <div class=\"quick-contact-style-one\">\r\n        <h4 class=\"sub-heading light\">Projeye mi ihtiyac\u0131n\u0131z var?<\/h4>\r\n        <h2 class=\"heading\">Projenizi detayland\u0131ral\u0131m ve birlikte ilerleyelim<\/h2>\r\n            <\/div>\r\n    <!-- End Quick Contact Content  Area -->\r\n\t\t\t<\/div>\n\t\t\t\t<\/div>\n\t\t\t\t\t<\/div>\n\t\t<\/div>\n\t\t\t\t<div class=\"elementor-column elementor-col-50 elementor-inner-column elementor-element elementor-element-579b0c9d\" data-id=\"579b0c9d\" data-element_type=\"column\">\n\t\t\t<div class=\"elementor-widget-wrap elementor-element-populated\">\n\t\t\t\t\t\t\t\t<div class=\"elementor-element elementor-element-4045fcd3 elementor-widget elementor-widget-quick_contact_form\" data-id=\"4045fcd3\" data-element_type=\"widget\" data-widget_type=\"quick_contact_form.default\">\n\t\t\t\t<div class=\"elementor-widget-container\">\n\t\t\t\r\n    <!-- Start Quick Contact Form Area \r\n    ============================================= -->\r\n    \n<div class=\"wpcf7 no-js\" id=\"wpcf7-f2947-o1\" lang=\"en-US\" dir=\"ltr\">\n<div class=\"screen-reader-response\"><p role=\"status\" aria-live=\"polite\" aria-atomic=\"true\"><\/p> <ul><\/ul><\/div>\n<form action=\"\/index.php\/wp-json\/wp\/v2\/pages\/2909#wpcf7-f2947-o1\" method=\"post\" class=\"wpcf7-form init consultation-form theme\" aria-label=\"Contact form\" novalidate=\"novalidate\" data-status=\"init\">\n<div style=\"display: none;\">\n<input type=\"hidden\" name=\"_wpcf7\" value=\"2947\" \/>\n<input type=\"hidden\" name=\"_wpcf7_version\" value=\"5.8.1\" \/>\n<input type=\"hidden\" name=\"_wpcf7_locale\" value=\"en_US\" \/>\n<input type=\"hidden\" name=\"_wpcf7_unit_tag\" value=\"wpcf7-f2947-o1\" \/>\n<input type=\"hidden\" name=\"_wpcf7_container_post\" value=\"0\" \/>\n<input type=\"hidden\" name=\"_wpcf7_posted_data_hash\" value=\"\" \/>\n<input type=\"hidden\" name=\"_wpcf7_recaptcha_response\" value=\"\" \/>\n<\/div>\n<div class=\"row\">\n\t<div class=\"col-lg-6\">\n\t\t<div class=\"form-group\">\n\t\t\t<p><label for=\"name\">Ad Soyad*<\/label><br \/>\n<span class=\"wpcf7-form-control-wrap\" data-name=\"ad-soyad\"><input size=\"40\" class=\"wpcf7-form-control wpcf7-text wpcf7-validates-as-required form-control\" id=\"name\" aria-required=\"true\" aria-invalid=\"false\" value=\"\" type=\"text\" name=\"ad-soyad\" \/><\/span>\n\t\t\t<\/p>\n\t\t<\/div>\n\t<\/div>\n\t<div class=\"col-lg-6\">\n\t\t<div class=\"form-group\">\n\t\t\t<p><label for=\"email\">E-Posta Adresi*<\/label><br \/>\n<span class=\"wpcf7-form-control-wrap\" data-name=\"eposta-adresi\"><input size=\"40\" class=\"wpcf7-form-control wpcf7-email wpcf7-validates-as-required wpcf7-text wpcf7-validates-as-email form-control\" id=\"email\" aria-required=\"true\" aria-invalid=\"false\" value=\"\" type=\"email\" name=\"eposta-adresi\" \/><\/span>\n\t\t\t<\/p>\n\t\t<\/div>\n\t<\/div>\n\t<div class=\"col-lg-6\">\n\t\t<div class=\"form-group\">\n\t\t\t<p><label for=\"phone\">Telefon Numaras\u0131*<\/label><br \/>\n<span class=\"wpcf7-form-control-wrap\" data-name=\"telefon-numarasi\"><input size=\"40\" class=\"wpcf7-form-control wpcf7-tel wpcf7-validates-as-required wpcf7-text wpcf7-validates-as-tel form-control\" id=\"phone\" aria-required=\"true\" aria-invalid=\"false\" value=\"\" type=\"tel\" name=\"telefon-numarasi\" \/><\/span>\n\t\t\t<\/p>\n\t\t<\/div>\n\t<\/div>\n\t<div class=\"col-lg-6\">\n\t\t<div class=\"form-group\">\n\t\t\t<p><label for=\"subject\">Konu*<\/label><br \/>\n<span class=\"wpcf7-form-control-wrap\" data-name=\"secim-menu\"><select class=\"wpcf7-form-control wpcf7-select wpcf7-validates-as-required\" id=\"subject\" aria-required=\"true\" aria-invalid=\"false\" name=\"secim-menu\"><option value=\"&lt;option value=&quot;1&quot;&gt;Konu Se\u00e7iniz*&lt;\/option&gt;\">&lt;option value=&quot;1&quot;&gt;Konu Se\u00e7iniz*&lt;\/option&gt;<\/option><option value=\"&lt;option value=&quot;2&quot;&gt;Genel Bilgi&lt;\/option&gt;\">&lt;option value=&quot;2&quot;&gt;Genel Bilgi&lt;\/option&gt;<\/option><option value=\"&lt;option value=&quot;3&quot;&gt;\u00dcr\u00fcnler Hakk\u0131nda Bilgi&lt;\/option&gt;\">&lt;option value=&quot;3&quot;&gt;\u00dcr\u00fcnler Hakk\u0131nda Bilgi&lt;\/option&gt;<\/option><option value=\"&lt;option value=&quot;4&quot;&gt;Projeler Hakk\u0131nda Bilgi&lt;\/option&gt;\">&lt;option value=&quot;4&quot;&gt;Projeler Hakk\u0131nda Bilgi&lt;\/option&gt;<\/option><\/select><\/span>\n\t\t\t<\/p>\n\t\t<\/div>\n\t<\/div>\n<\/div>\n<div class=\"row\">\n\t<div class=\"col-lg-12\">\n\t\t<p><button type=\"submit\" name=\"submit\" id=\"submit\">Bilgi Al\u0131n <i class=\"fas fa-angle-right\"><\/i> <\/button>\n\t\t<\/p>\n\t<\/div>\n<\/div><div class=\"wpcf7-response-output\" aria-hidden=\"true\"><\/div>\n<\/form>\n<\/div>\n    <ul class=\"contact-list\">\r\n        <li>\r\n            <div class=\"icon\">\r\n                                                                    <i class=\"fal fa-user-headset\"><\/i>\r\n                            <\/div>\r\n            <div class=\"info\">\r\n                <h5>Bize Ula\u015f\u0131n<\/h5>\r\n                <a href=\"tel:+90 216 606 69 80\">+90 216 606 69 80<\/a>\r\n            <\/div>\r\n        <\/li>\r\n    <\/ul>\r\n    <!-- End Quick Contact Form  Area -->\r\n\t\t\t<\/div>\n\t\t\t\t<\/div>\n\t\t\t\t\t<\/div>\n\t\t<\/div>\n\t\t\t\t\t\t\t<\/div>\n\t\t<\/section>\n\t\t\t\t\t<\/div>\n\t\t<\/div>\n\t\t\t\t\t\t\t<\/div>\n\t\t<\/section>\n\t\t\t\t\t\t\t<\/div>\n\t\t","protected":false},"excerpt":{"rendered":"<p>ElektrikPanolar\u0131 Elektrik Panolar\u0131 Ana Da\u011f\u0131t\u0131m Panolar\u0131 (ADP) MCC Panolar\u0131 Kompanzasyon Panolar\u0131 \u00dcr\u00fcn \u00c7\u00f6z\u00fcm\u00fcnde Tercih Etti\u011fimiz Markalar Projeye mi ihtiyac\u0131n\u0131z var? Projenizi detayland\u0131ral\u0131m ve birlikte ilerleyelim Ad Soyad* E-Posta Adresi* Telefon Numaras\u0131* Konu* &lt;option value=&quot;1&quot;&gt;Konu Se\u00e7iniz*&lt;\/option&gt;&lt;option value=&quot;2&quot;&gt;Genel Bilgi&lt;\/option&gt;&lt;option value=&quot;3&quot;&gt;\u00dcr\u00fcnler Hakk\u0131nda Bilgi&lt;\/option&gt;&lt;option value=&quot;4&quot;&gt;Projeler Hakk\u0131nda Bilgi&lt;\/option&gt; Bilgi Al\u0131n Bize Ula\u015f\u0131n +90 216 606 69 80<\/p>\n","protected":false},"author":1,"featured_media":0,"parent":0,"menu_order":0,"comment_status":"closed","ping_status":"closed","template":"page-template\/crysa-service-single.php","meta":{"footnotes":""},"class_list":["post-2909","page","type-page","status-publish","hentry"],"_links":{"self":[{"href":"https:\/\/tritonotomasyon.com\/index.php\/wp-json\/wp\/v2\/pages\/2909","targetHints":{"allow":["GET"]}}],"collection":[{"href":"https:\/\/tritonotomasyon.com\/index.php\/wp-json\/wp\/v2\/pages"}],"about":[{"href":"https:\/\/tritonotomasyon.com\/index.php\/wp-json\/wp\/v2\/types\/page"}],"author":[{"embeddable":true,"href":"https:\/\/tritonotomasyon.com\/index.php\/wp-json\/wp\/v2\/users\/1"}],"replies":[{"embeddable":true,"href":"https:\/\/tritonotomasyon.com\/index.php\/wp-json\/wp\/v2\/comments?post=2909"}],"version-history":[{"count":26,"href":"https:\/\/tritonotomasyon.com\/index.php\/wp-json\/wp\/v2\/pages\/2909\/revisions"}],"predecessor-version":[{"id":3138,"href":"https:\/\/tritonotomasyon.com\/index.php\/wp-json\/wp\/v2\/pages\/2909\/revisions\/3138"}],"wp:attachment":[{"href":"https:\/\/tritonotomasyon.com\/index.php\/wp-json\/wp\/v2\/media?parent=2909"}],"curies":[{"name":"wp","href":"https:\/\/api.w.org\/{rel}","templated":true}]}}