{"id":479,"date":"2022-06-15T05:21:30","date_gmt":"2022-06-15T02:21:30","guid":{"rendered":"https:\/\/validthemes.tech\/themeforest\/wp\/crysa\/?page_id=479"},"modified":"2023-09-18T20:59:50","modified_gmt":"2023-09-18T17:59:50","slug":"iletisim","status":"publish","type":"page","link":"https:\/\/tritonotomasyon.com\/index.php\/iletisim\/","title":{"rendered":"\u0130leti\u015fim"},"content":{"rendered":"\t\t<div data-elementor-type=\"wp-page\" data-elementor-id=\"479\" class=\"elementor elementor-479\">\n\t\t\t\t\t\t\t\t\t<section class=\"elementor-section elementor-top-section elementor-element elementor-element-3f2d756 elementor-section-full_width elementor-section-stretched elementor-section-height-default elementor-section-height-default\" data-id=\"3f2d756\" data-element_type=\"section\" data-settings=\"{&quot;stretch_section&quot;:&quot;section-stretched&quot;}\">\n\t\t\t\t\t\t<div class=\"elementor-container elementor-column-gap-no\">\n\t\t\t\t\t<div class=\"elementor-column elementor-col-100 elementor-top-column elementor-element elementor-element-7a4b3bf\" data-id=\"7a4b3bf\" data-element_type=\"column\">\n\t\t\t<div class=\"elementor-widget-wrap elementor-element-populated\">\n\t\t\t\t\t\t\t\t<div class=\"elementor-element elementor-element-43126aa elementor-widget elementor-widget-crysa_contact\" data-id=\"43126aa\" data-element_type=\"widget\" data-widget_type=\"crysa_contact.default\">\n\t\t\t\t<div class=\"elementor-widget-container\">\n\t\t\t    <!-- Start Contact Us \r\n    ============================================= -->\r\n    <div class=\"contact-area\">\r\n        <div class=\"container\">\r\n            <div class=\"contact-style-two-items text-center bg-gradient text-light\">\r\n            \t                <!-- Shape -->\r\n                <div class=\"shape-left-top\" style=\"background-image: url(https:\/\/validthemes.tech\/themeforest\/wp\/crysa\/wp-content\/uploads\/2022\/06\/25.png);\"><\/div>\r\n                <!-- Shape -->\r\n            \t                <div class=\"row\">\r\n                \t\t                    <!-- Single Item -->\r\n\t                    <div class=\"col-lg-4 contact-style-two\">\r\n\t                        <div class=\"item\">\r\n\t                            \t                            \t                                                                <i class=\"fas fa-phone-alt\"><\/i>\r\n                                \t                            <h4 class=\"title\">Telefon<\/h4>\r\n\t                            <p>\r\n\t                                \t                            <\/p>\r\n\t                            <a href=\"tel:02166066980\">+90 216 606 69 80<\/a>\r\n\t                        <\/div>\r\n\t                    <\/div>\r\n\t                    <!-- End Single Item -->\r\n                \t\t                    <!-- Single Item -->\r\n\t                    <div class=\"col-lg-4 contact-style-two\">\r\n\t                        <div class=\"item\">\r\n\t                            \t                            \t                                                                <i class=\"fas fa-map-marker-alt\"><\/i>\r\n                                \t                            <h4 class=\"title\">Lokasyon<\/h4>\r\n\t                            <p>\r\n\t                                Esenyal\u0131 Mah. Uygar Sk. No:9 B Pendik \u0130stanbul\t                            <\/p>\r\n\t                            <a href=\"#contact\">Map&#039;te G\u00f6r\u00fcnt\u00fcle<\/a>\r\n\t                        <\/div>\r\n\t                    <\/div>\r\n\t                    <!-- End Single Item -->\r\n                \t\t                    <!-- Single Item -->\r\n\t                    <div class=\"col-lg-4 contact-style-two\">\r\n\t                        <div class=\"item\">\r\n\t                            \t                            \t                                                                <i class=\"fas fa-envelope-open-text\"><\/i>\r\n                                \t                            <h4 class=\"title\">Email<\/h4>\r\n\t                            <p>\r\n\t                                \t                            <\/p>\r\n\t                            <a href=\"mailto:info@tritonotomasyon.com\">info@tritonotomasyon.com<\/a>\r\n\t                        <\/div>\r\n\t                    <\/div>\r\n\t                    <!-- End Single Item -->\r\n                \t                <\/div>\r\n            <\/div>\r\n        <\/div>\r\n    <\/div>\r\n    <!-- End Contact -->\r\n    \t\t<\/div>\n\t\t\t\t<\/div>\n\t\t\t\t\t<\/div>\n\t\t<\/div>\n\t\t\t\t\t\t\t<\/div>\n\t\t<\/section>\n\t\t\t\t<section class=\"elementor-section elementor-top-section elementor-element elementor-element-b7ddabd elementor-section-full_width elementor-section-stretched elementor-section-height-default elementor-section-height-default\" data-id=\"b7ddabd\" data-element_type=\"section\" data-settings=\"{&quot;stretch_section&quot;:&quot;section-stretched&quot;}\">\n\t\t\t\t\t\t<div class=\"elementor-container elementor-column-gap-no\">\n\t\t\t\t\t<div class=\"elementor-column elementor-col-100 elementor-top-column elementor-element elementor-element-fb20637\" data-id=\"fb20637\" data-element_type=\"column\">\n\t\t\t<div class=\"elementor-widget-wrap elementor-element-populated\">\n\t\t\t\t\t\t\t\t<div class=\"elementor-element elementor-element-b03baea elementor-widget elementor-widget-crysa_contact_us_form\" data-id=\"b03baea\" data-element_type=\"widget\" data-widget_type=\"crysa_contact_us_form.default\">\n\t\t\t\t<div class=\"elementor-widget-container\">\n\t\t\t\r\n    <!-- Start Contact Form \r\n    ============================================= -->\r\n    <div id=\"contact\" class=\"contact-form-area default-padding bg-gray overflow-hidden\">\r\n        <!-- Shape -->\r\n        <div class=\"shape-right-bottom-large\" style=\"background-image: url(https:\/\/validthemes.tech\/themeforest\/wp\/crysa\/wp-content\/uploads\/2022\/06\/16.png)\"><\/div>\r\n        <!-- Shape -->\r\n        <div class=\"google-maps\">\r\n            <iframe src=\"https:\/\/www.google.com\/maps\/embed?pb=!1m18!1m12!1m3!1d754.4131278936303!2d29.28920436961945!3d40.85755241253984!2m3!1f0!2f0!3f0!3m2!1i1024!2i768!4f13.1!3m3!1m2!1s0x14cadc65fde3fc4d%3A0xb6656eb50acd7356!2sEsenyal%C4%B1%2C%20Uygar%20Sk.%20No%3A9%2C%2034903%20Pendik%2F%C4%B0stanbul!5e0!3m2!1str!2str!4v1690482011240!5m2!1str!2str\" width=\"600\" height=\"450\" style=\"border:0;\" allowfullscreen=\"\" loading=\"lazy\" referrerpolicy=\"no-referrer-when-downgrade\"><\/iframe>        <\/div>\r\n        <div class=\"container\">\r\n            <!-- Contact Form -->\r\n            <div class=\"row\">\r\n                <div class=\"col-xl-6 offset-xl-6 col-lg-7 offset-lg-5\">\r\n                    <div class=\"form\">\r\n                        <h4 class=\"sub-heading\">\u0130letisim<\/h4>\r\n                        <h2 class=\"heading\">Bize Ula\u015f\u0131n, Projenizi Hayata Ge\u00e7irelim!<\/h2>\r\n                       \n<div class=\"wpcf7 no-js\" id=\"wpcf7-f2943-o1\" lang=\"en-US\" dir=\"ltr\">\n<div class=\"screen-reader-response\"><p role=\"status\" aria-live=\"polite\" aria-atomic=\"true\"><\/p> <ul><\/ul><\/div>\n<form action=\"\/index.php\/wp-json\/wp\/v2\/pages\/479#wpcf7-f2943-o1\" method=\"post\" class=\"wpcf7-form init\" aria-label=\"Contact form\" novalidate=\"novalidate\" data-status=\"init\">\n<div style=\"display: none;\">\n<input type=\"hidden\" name=\"_wpcf7\" value=\"2943\" \/>\n<input type=\"hidden\" name=\"_wpcf7_version\" value=\"5.8.1\" \/>\n<input type=\"hidden\" name=\"_wpcf7_locale\" value=\"en_US\" \/>\n<input type=\"hidden\" name=\"_wpcf7_unit_tag\" value=\"wpcf7-f2943-o1\" \/>\n<input type=\"hidden\" name=\"_wpcf7_container_post\" value=\"0\" \/>\n<input type=\"hidden\" name=\"_wpcf7_posted_data_hash\" value=\"\" \/>\n<input type=\"hidden\" name=\"_wpcf7_recaptcha_response\" value=\"\" \/>\n<\/div>\n<div class=\"row\">\n\t<div class=\"col-lg-12\">\n\t\t<div class=\"form-group\">\n\t\t\t<p><span class=\"wpcf7-form-control-wrap\" data-name=\"ad-soyad\"><input size=\"40\" class=\"wpcf7-form-control wpcf7-text form-control\" id=\"name\" aria-invalid=\"false\" placeholder=\"Ad Soyad*\" value=\"\" type=\"text\" name=\"ad-soyad\" \/><\/span>\n\t\t\t<\/p>\n\t\t<\/div>\n\t<\/div>\n<\/div>\n<div class=\"row\">\n\t<div class=\"col-lg-6\">\n\t\t<div class=\"form-group\">\n\t\t\t<p><span class=\"wpcf7-form-control-wrap\" data-name=\"eposta-adresi\"><input size=\"40\" class=\"wpcf7-form-control wpcf7-email wpcf7-validates-as-required wpcf7-text wpcf7-validates-as-email form-control\" id=\"email\" aria-required=\"true\" aria-invalid=\"false\" placeholder=\"E-Posta Adresi*\" value=\"\" type=\"email\" name=\"eposta-adresi\" \/><\/span>\n\t\t\t<\/p>\n\t\t<\/div>\n\t<\/div>\n\t<div class=\"col-lg-6\">\n\t\t<div class=\"form-group\">\n\t\t\t<p><span class=\"wpcf7-form-control-wrap\" data-name=\"telefon-numarasi\"><input size=\"40\" class=\"wpcf7-form-control wpcf7-tel wpcf7-validates-as-required wpcf7-text wpcf7-validates-as-tel form-control\" id=\"phone\" aria-required=\"true\" aria-invalid=\"false\" placeholder=\"Telefon Numaras\u0131*\" value=\"\" type=\"tel\" name=\"telefon-numarasi\" \/><\/span>\n\t\t\t<\/p>\n\t\t<\/div>\n\t<\/div>\n<\/div>\n<div class=\"row\">\n\t<div class=\"col-lg-12\">\n\t\t<div class=\"form-group comments\">\n\t\t\t<p><span class=\"wpcf7-form-control-wrap\" data-name=\"mesajiniz\"><textarea cols=\"40\" rows=\"10\" class=\"wpcf7-form-control wpcf7-textarea form-control\" id=\"comments\" aria-invalid=\"false\" placeholder=\"Bize Projenden Bahset\" name=\"mesajiniz\"><\/textarea><\/span>\n\t\t\t<\/p>\n\t\t<\/div>\n\t<\/div>\n<\/div>\n<div class=\"row\">\n\t<div class=\"col-lg-12\">\n\t\t<p><button type=\"submit\" name=\"submit\" id=\"submit\"><i class=\"fa fa-paper-plane\"><\/i> G\u00f6nder <\/button>\n\t\t<\/p>\n\t<\/div>\n<\/div><div class=\"wpcf7-response-output\" aria-hidden=\"true\"><\/div>\n<\/form>\n<\/div>\n                    <\/div>\r\n                <\/div>\r\n            <\/div>\r\n            <!-- End Contact Form -->\r\n        <\/div>\r\n    <\/div>\r\n    <!-- End Contact Form -->\r\n\t\t\t<\/div>\n\t\t\t\t<\/div>\n\t\t\t\t\t<\/div>\n\t\t<\/div>\n\t\t\t\t\t\t\t<\/div>\n\t\t<\/section>\n\t\t\t\t\t\t\t<\/div>\n\t\t","protected":false},"excerpt":{"rendered":"<p>Telefon +90 216 606 69 80 Lokasyon Esenyal\u0131 Mah. Uygar Sk. No:9 B Pendik \u0130stanbul Map&#039;te G\u00f6r\u00fcnt\u00fcle Email info@tritonotomasyon.com \u0130letisim Bize Ula\u015f\u0131n, Projenizi Hayata Ge\u00e7irelim! G\u00f6nder<\/p>\n","protected":false},"author":1,"featured_media":0,"parent":0,"menu_order":0,"comment_status":"closed","ping_status":"closed","template":"page-template\/crystal-template.php","meta":{"footnotes":""},"class_list":["post-479","page","type-page","status-publish","hentry"],"_links":{"self":[{"href":"https:\/\/tritonotomasyon.com\/index.php\/wp-json\/wp\/v2\/pages\/479","targetHints":{"allow":["GET"]}}],"collection":[{"href":"https:\/\/tritonotomasyon.com\/index.php\/wp-json\/wp\/v2\/pages"}],"about":[{"href":"https:\/\/tritonotomasyon.com\/index.php\/wp-json\/wp\/v2\/types\/page"}],"author":[{"embeddable":true,"href":"https:\/\/tritonotomasyon.com\/index.php\/wp-json\/wp\/v2\/users\/1"}],"replies":[{"embeddable":true,"href":"https:\/\/tritonotomasyon.com\/index.php\/wp-json\/wp\/v2\/comments?post=479"}],"version-history":[{"count":16,"href":"https:\/\/tritonotomasyon.com\/index.php\/wp-json\/wp\/v2\/pages\/479\/revisions"}],"predecessor-version":[{"id":3093,"href":"https:\/\/tritonotomasyon.com\/index.php\/wp-json\/wp\/v2\/pages\/479\/revisions\/3093"}],"wp:attachment":[{"href":"https:\/\/tritonotomasyon.com\/index.php\/wp-json\/wp\/v2\/media?parent=479"}],"curies":[{"name":"wp","href":"https:\/\/api.w.org\/{rel}","templated":true}]}}